{"id":14835,"date":"2025-07-22T16:02:31","date_gmt":"2025-07-22T14:02:31","guid":{"rendered":"https:\/\/imaps-capital.com\/haftungsausschluss\/"},"modified":"2025-07-22T16:23:50","modified_gmt":"2025-07-22T14:23:50","slug":"haftungsausschluss","status":"publish","type":"page","link":"https:\/\/imaps-capital.com\/de\/haftungsausschluss\/","title":{"rendered":"Haftungsausschluss"},"content":{"rendered":"\t\t<div data-elementor-type=\"wp-page\" data-elementor-id=\"14835\" class=\"elementor elementor-14835 elementor-14831\" data-elementor-post-type=\"page\">\n\t\t\t\t<div class=\"elementor-element elementor-element-4b90a93 e-flex e-con-boxed e-con e-parent\" data-id=\"4b90a93\" data-element_type=\"container\" data-e-type=\"container\" data-settings=\"{&quot;background_background&quot;:&quot;classic&quot;}\">\n\t\t\t\t\t<div class=\"e-con-inner\">\n\t\t<div class=\"elementor-element elementor-element-946daa2 e-con-full e-flex e-con e-child\" data-id=\"946daa2\" data-element_type=\"container\" data-e-type=\"container\">\n\t\t\t\t<div class=\"elementor-element elementor-element-ba093ec elementor-widget elementor-widget-heading\" data-id=\"ba093ec\" data-element_type=\"widget\" data-e-type=\"widget\" data-widget_type=\"heading.default\">\n\t\t\t\t<div class=\"elementor-widget-container\">\n\t\t\t\t\t<h1 class=\"elementor-heading-title elementor-size-default\">Haftungsausschluss<\/h1>\t\t\t\t<\/div>\n\t\t\t\t<\/div>\n\t\t\t\t<div class=\"elementor-element elementor-element-d18da5f elementor-widget-divider--view-line elementor-widget elementor-widget-divider\" data-id=\"d18da5f\" data-element_type=\"widget\" data-e-type=\"widget\" data-widget_type=\"divider.default\">\n\t\t\t\t<div class=\"elementor-widget-container\">\n\t\t\t\t\t\t\t<div class=\"elementor-divider\">\n\t\t\t<span class=\"elementor-divider-separator\">\n\t\t\t\t\t\t<\/span>\n\t\t<\/div>\n\t\t\t\t\t\t<\/div>\n\t\t\t\t<\/div>\n\t\t\t\t<\/div>\n\t\t\t\t\t<\/div>\n\t\t\t\t<\/div>\n\t\t<div class=\"elementor-element elementor-element-5e4ad33 e-flex e-con-boxed e-con e-parent\" data-id=\"5e4ad33\" data-element_type=\"container\" data-e-type=\"container\">\n\t\t\t\t\t<div class=\"e-con-inner\">\n\t\t<div class=\"elementor-element elementor-element-c8e3910 e-con-full e-flex e-con e-child\" data-id=\"c8e3910\" data-element_type=\"container\" data-e-type=\"container\">\n\t\t\t\t<div class=\"elementor-element elementor-element-eb439e0 elementor-widget elementor-widget-text-editor\" data-id=\"eb439e0\" data-element_type=\"widget\" data-e-type=\"widget\" data-widget_type=\"text-editor.default\">\n\t\t\t\t<div class=\"elementor-widget-container\">\n\t\t\t\t\t\t\t\t\t<h2>Allgemeiner Haftungsausschluss<\/h2>\n<p>Diese Website wird von der iMaps ETI AG und ihren Tochtergesellschaften (&#8222;iMaps&#8220;) betrieben. Sie dient ausschlie\u00dflich dazu, Informationen \u00fcber iMaps und die \u00fcber die iMaps-Plattform strukturierten Exchange Traded Instruments (&#8222;ETIs&#8220;) bereitzustellen. Der Inhalt dieser Website stellt weder ein \u00f6ffentliches Angebot noch eine Aufforderung oder Empfehlung zum Kauf oder Verkauf von Finanzinstrumenten dar.  <\/p>\n<h2>Kein Angebot, keine Beratung<\/h2>\n<p>Alle bereitgestellten Informationen dienen nur zu Marketing- und Informationszwecken. Sie sollten nicht als Anlage-, Rechts- oder Steuerberatung verstanden werden. Keines der hier ver\u00f6ffentlichten Dokumente oder Informationen stellt ein Rechtsgesch\u00e4ft irgendeiner Art dar. Bevor Sie eine Anlageentscheidung treffen, sollten Interessenten alle risikorelevanten Dokumente (Basisprospekt einschlie\u00dflich aller Nachtr\u00e4ge, endg\u00fcltige Bedingungen, KID, falls zutreffend) sorgf\u00e4ltig lesen und sich von unabh\u00e4ngigen professionellen Beratern \u00fcber die relevanten rechtlichen Anforderungen, steuerlichen Konsequenzen und Devisenvorschriften in ihrer Rechtsordnung beraten lassen.   <\/p>\n<h2>Risikowarnung in Bezug auf zukunftsgerichtete Aussagen<\/h2>\n<p>Die Website kann zukunftsgerichtete Aussagen enthalten. iMaps garantiert nicht, dass ETIs positive Renditen erzielen werden. Der Wert solcher Anlagen kann erheblich schwanken; ein Totalverlust des investierten Kapitals ist m\u00f6glich. Wechselkursschwankungen k\u00f6nnen die Performance beeinflussen. Die Wertentwicklung in der Vergangenheit ist kein zuverl\u00e4ssiger Indikator f\u00fcr zuk\u00fcnftige Ergebnisse.    <\/p>\n<h2>Einschr\u00e4nkung der Haftung<\/h2>\n<p>iMaps bem\u00fcht sich, genaue, vollst\u00e4ndige und aktuelle Informationen zur Verf\u00fcgung zu stellen, \u00fcbernimmt jedoch keinerlei Garantie. iMaps haftet nicht f\u00fcr Verluste oder Sch\u00e4den jeglicher Art (einschlie\u00dflich entgangenem Gewinn, Gesch\u00e4ftsunterbrechung, Datenverlust), die aus der Nutzung der Website oder der darin enthaltenen Daten entstehen. <\/p>\n<h2>Urheberrecht und Markenrechte<\/h2>\n<p>Der gesamte Inhalt dieser Website ist urheberrechtlich gesch\u00fctzt. Einzelne Seiten oder Abschnitte d\u00fcrfen nur gespeichert oder gedruckt werden, wenn alle Copyright- und Eigentumsvermerke unver\u00e4ndert bleiben. Durch das Herunterladen oder Kopieren von Inhalten werden keine Rechte an Software, Marken oder Inhalten \u00fcbertragen.  <\/p>\n<h2>Zugangs- und Verbreitungsbeschr\u00e4nkungen<\/h2>\n<p>Diese Website ist nur f\u00fcr Personen bestimmt, in deren Rechtsordnung die Verbreitung der hierin enthaltenen Informationen und die Verbreitung der \u00fcber iMaps strukturierten ETIs zul\u00e4ssig ist. Personen, f\u00fcr die lokale Beschr\u00e4nkungen gelten (insbesondere aufgrund ihrer Staatsangeh\u00f6rigkeit oder ihres steuerlichen Wohnsitzes), d\u00fcrfen nicht auf diese Website zugreifen. <\/p>\n<h2>Regulatorischer Status<\/h2>\n<p>Der Basisprospekt der iMaps ETI AG f\u00fcr die Emission von b\u00f6rsengehandelten Instrumenten in Form von derivativen Wertpapieren wurde von der Finanzmarktaufsicht Liechtenstein (FMA) gebilligt und zahlreichen EU-Mitgliedstaaten notifiziert, diese Prospektbilligung ; Dar\u00fcber hinaus ist der Basisprospekt bei RegServices der BX Swiss f\u00fcr das \u00f6ffentliche Angebot der Wertpapiere auch an Kleinanleger in der Schweiz registriert. Die Billigung des Prospekts durch die Finanzmarktaufsicht Liechtenstein (FMA) ist nicht als Billigung der angebotenen Wertpapiere zu verstehen.<\/p>\n<p>Nach geltendem Recht ist die Emission von Wertpapieren, einschlie\u00dflich der Emission von derivativen Wertpapieren, keine Bank- oder Finanzdienstleistung. Die iMaps ETI AG erbringt keine zulassungspflichtigen Finanzdienstleistungen im Sinne von Anhang I der MiFID und ist daher als reine Emissionsplattform weder als Bank noch als Wertpapierfirma reguliert oder beaufsichtigt. <\/p><h2 style=\"font-style: normal;\">iMaps ETI AG<\/h2><p style=\"font-size: 16px; font-style: normal; font-weight: 300;\">Im alten Reit 102,<br>9494 Schaan,<br>Liechtenstein<\/p><p style=\"font-size: 16px; font-style: normal; font-weight: 300;\"><span style=\"font-size: 16px; font-weight: 500;\">Tel:<\/span> <a href=\"tel:+4237982649\" style=\"font-size: 16px; transition-property: all;\">+423 798 26 49<\/a><br><span style=\"font-size: 16px; font-weight: 500;\">E-Mail:<\/span> <a href=\"mailto:solutions@imaps-capital.com\" target=\"_blank\" rel=\"noopener\" style=\"font-size: 16px; transition-property: all;\">solutions@imaps-capital.com<\/a><br><span style=\"font-size: 16px; font-weight: 500;\">Web:<\/span> <a href=\"http:\/\/www.imaps-capital.com\/\" style=\"font-size: 16px; transition-property: all;\">www.imaps-capital.com<\/a><\/p><p style=\"font-size: 16px; font-style: normal; font-weight: 300;\"><span style=\"font-size: 16px; font-weight: 500;\">Hauptsitz:<\/span> Schaan, Liechtenstein<br><span style=\"font-size: 16px; font-weight: 500;\">LEI-Nummer:<\/span> 5299000ESEDFHHWG3R53<br><span style=\"font-size: 16px; font-weight: 500;\">Registrierungsnummer des Unternehmens:<\/span> FL-0002.592.628-4<\/p>\t\t\t\t\t\t\t\t<\/div>\n\t\t\t\t<\/div>\n\t\t\t\t<\/div>\n\t\t\t\t\t<\/div>\n\t\t\t\t<\/div>\n\t\t\t\t<\/div>\n\t\t","protected":false},"excerpt":{"rendered":"<p>Haftungsausschluss Allgemeiner Haftungsausschluss Diese Website wird von der iMaps ETI AG und ihren Tochtergesellschaften (&#8222;iMaps&#8220;) betrieben. Sie dient ausschlie\u00dflich dazu, Informationen \u00fcber iMaps und die \u00fcber die iMaps-Plattform strukturierten Exchange Traded Instruments (&#8222;ETIs&#8220;) bereitzustellen. Der Inhalt dieser Website stellt weder ein \u00f6ffentliches Angebot noch eine Aufforderung oder Empfehlung zum Kauf oder Verkauf von Finanzinstrumenten dar. [&hellip;]<\/p>\n","protected":false},"author":1,"featured_media":0,"parent":0,"menu_order":0,"comment_status":"closed","ping_status":"closed","template":"","meta":{"_acf_changed":false,"inline_featured_image":false,"site-sidebar-layout":"no-sidebar","site-content-layout":"page-builder","ast-site-content-layout":"full-width-container","site-content-style":"default","site-sidebar-style":"default","ast-global-header-display":"","ast-banner-title-visibility":"","ast-main-header-display":"","ast-hfb-above-header-display":"","ast-hfb-below-header-display":"","ast-hfb-mobile-header-display":"","site-post-title":"disabled","ast-breadcrumbs-content":"","ast-featured-img":"disabled","footer-sml-layout":"","ast-disable-related-posts":"","theme-transparent-header-meta":"","adv-header-id-meta":"","stick-header-meta":"","header-above-stick-meta":"","header-main-stick-meta":"","header-below-stick-meta":"","astra-migrate-meta-layouts":"default","ast-page-background-enabled":"default","ast-page-background-meta":{"desktop":{"background-color":"","background-image":"","background-repeat":"repeat","background-position":"center center","background-size":"auto","background-attachment":"scroll","background-type":"","background-media":"","overlay-type":"","overlay-color":"","overlay-opacity":"","overlay-gradient":""},"tablet":{"background-color":"","background-image":"","background-repeat":"repeat","background-position":"center center","background-size":"auto","background-attachment":"scroll","background-type":"","background-media":"","overlay-type":"","overlay-color":"","overlay-opacity":"","overlay-gradient":""},"mobile":{"background-color":"","background-image":"","background-repeat":"repeat","background-position":"center center","background-size":"auto","background-attachment":"scroll","background-type":"","background-media":"","overlay-type":"","overlay-color":"","overlay-opacity":"","overlay-gradient":""}},"ast-content-background-meta":{"desktop":{"background-color":"var(--ast-global-color-5)","background-image":"","background-repeat":"repeat","background-position":"center center","background-size":"auto","background-attachment":"scroll","background-type":"","background-media":"","overlay-type":"","overlay-color":"","overlay-opacity":"","overlay-gradient":""},"tablet":{"background-color":"var(--ast-global-color-5)","background-image":"","background-repeat":"repeat","background-position":"center center","background-size":"auto","background-attachment":"scroll","background-type":"","background-media":"","overlay-type":"","overlay-color":"","overlay-opacity":"","overlay-gradient":""},"mobile":{"background-color":"var(--ast-global-color-5)","background-image":"","background-repeat":"repeat","background-position":"center center","background-size":"auto","background-attachment":"scroll","background-type":"","background-media":"","overlay-type":"","overlay-color":"","overlay-opacity":"","overlay-gradient":""}},"footnotes":""},"class_list":["post-14835","page","type-page","status-publish","hentry"],"acf":[],"yoast_head":"<!-- This site is optimized with the Yoast SEO plugin v27.4 - https:\/\/yoast.com\/product\/yoast-seo-wordpress\/ -->\n<title>Haftungsausschluss &#8211; iMaps ETI AG<\/title>\n<meta name=\"robots\" content=\"index, follow, max-snippet:-1, max-image-preview:large, max-video-preview:-1\" \/>\n<link rel=\"canonical\" href=\"https:\/\/imaps-capital.com\/de\/haftungsausschluss\/\" \/>\n<meta property=\"og:locale\" content=\"de_DE\" \/>\n<meta property=\"og:type\" content=\"article\" \/>\n<meta property=\"og:title\" content=\"Haftungsausschluss &#8211; iMaps ETI AG\" \/>\n<meta property=\"og:description\" content=\"Haftungsausschluss Allgemeiner Haftungsausschluss Diese Website wird von der iMaps ETI AG und ihren Tochtergesellschaften (&#8222;iMaps&#8220;) betrieben. Sie dient ausschlie\u00dflich dazu, Informationen \u00fcber iMaps und die \u00fcber die iMaps-Plattform strukturierten Exchange Traded Instruments (&#8222;ETIs&#8220;) bereitzustellen. Der Inhalt dieser Website stellt weder ein \u00f6ffentliches Angebot noch eine Aufforderung oder Empfehlung zum Kauf oder Verkauf von Finanzinstrumenten dar. [&hellip;]\" \/>\n<meta property=\"og:url\" content=\"https:\/\/imaps-capital.com\/de\/haftungsausschluss\/\" \/>\n<meta property=\"og:site_name\" content=\"iMaps ETI AG\" \/>\n<meta property=\"article:publisher\" content=\"https:\/\/www.facebook.com\/iMapsCapitalMarkets\/\" \/>\n<meta property=\"article:modified_time\" content=\"2025-07-22T14:23:50+00:00\" \/>\n<meta property=\"og:image\" content=\"https:\/\/imaps-capital.com\/wp-content\/uploads\/2024\/09\/iMaps-Capital-FB.jpg\" \/>\n\t<meta property=\"og:image:width\" content=\"1200\" \/>\n\t<meta property=\"og:image:height\" content=\"630\" \/>\n\t<meta property=\"og:image:type\" content=\"image\/jpeg\" \/>\n<meta name=\"twitter:card\" content=\"summary_large_image\" \/>\n<meta name=\"twitter:label1\" content=\"Gesch\u00e4tzte Lesezeit\" \/>\n\t<meta name=\"twitter:data1\" content=\"3\u00a0Minuten\" \/>\n<script type=\"application\/ld+json\" class=\"yoast-schema-graph\">{\"@context\":\"https:\\\/\\\/schema.org\",\"@graph\":[{\"@type\":\"WebPage\",\"@id\":\"https:\\\/\\\/imaps-capital.com\\\/de\\\/haftungsausschluss\\\/\",\"url\":\"https:\\\/\\\/imaps-capital.com\\\/de\\\/haftungsausschluss\\\/\",\"name\":\"Haftungsausschluss &#8211; iMaps ETI AG\",\"isPartOf\":{\"@id\":\"https:\\\/\\\/imaps-capital.com\\\/de\\\/#website\"},\"datePublished\":\"2025-07-22T14:02:31+00:00\",\"dateModified\":\"2025-07-22T14:23:50+00:00\",\"breadcrumb\":{\"@id\":\"https:\\\/\\\/imaps-capital.com\\\/de\\\/haftungsausschluss\\\/#breadcrumb\"},\"inLanguage\":\"de\",\"potentialAction\":[{\"@type\":\"ReadAction\",\"target\":[\"https:\\\/\\\/imaps-capital.com\\\/de\\\/haftungsausschluss\\\/\"]}]},{\"@type\":\"BreadcrumbList\",\"@id\":\"https:\\\/\\\/imaps-capital.com\\\/de\\\/haftungsausschluss\\\/#breadcrumb\",\"itemListElement\":[{\"@type\":\"ListItem\",\"position\":1,\"name\":\"Startseite\",\"item\":\"https:\\\/\\\/imaps-capital.com\\\/de\\\/imaps-eti-ag\\\/\"},{\"@type\":\"ListItem\",\"position\":2,\"name\":\"Haftungsausschluss\"}]},{\"@type\":\"WebSite\",\"@id\":\"https:\\\/\\\/imaps-capital.com\\\/de\\\/#website\",\"url\":\"https:\\\/\\\/imaps-capital.com\\\/de\\\/\",\"name\":\"iMaps ETI AG\",\"description\":\"Ihr Partner f\u00fcr Exchange Traded Instruments (ETIs)\",\"publisher\":{\"@id\":\"https:\\\/\\\/imaps-capital.com\\\/de\\\/#organization\"},\"alternateName\":\"iMaps Capital Markets\",\"potentialAction\":[{\"@type\":\"SearchAction\",\"target\":{\"@type\":\"EntryPoint\",\"urlTemplate\":\"https:\\\/\\\/imaps-capital.com\\\/de\\\/?s={search_term_string}\"},\"query-input\":{\"@type\":\"PropertyValueSpecification\",\"valueRequired\":true,\"valueName\":\"search_term_string\"}}],\"inLanguage\":\"de\"},{\"@type\":\"Organization\",\"@id\":\"https:\\\/\\\/imaps-capital.com\\\/de\\\/#organization\",\"name\":\"iMaps ETI AG\",\"alternateName\":\"iMaps Capital Markets\",\"url\":\"https:\\\/\\\/imaps-capital.com\\\/de\\\/\",\"logo\":{\"@type\":\"ImageObject\",\"inLanguage\":\"de\",\"@id\":\"https:\\\/\\\/imaps-capital.com\\\/de\\\/#\\\/schema\\\/logo\\\/image\\\/\",\"url\":\"https:\\\/\\\/imaps-capital.com\\\/wp-content\\\/uploads\\\/2024\\\/09\\\/iMaps-Capital-FB.jpg\",\"contentUrl\":\"https:\\\/\\\/imaps-capital.com\\\/wp-content\\\/uploads\\\/2024\\\/09\\\/iMaps-Capital-FB.jpg\",\"width\":1200,\"height\":630,\"caption\":\"iMaps ETI AG\"},\"image\":{\"@id\":\"https:\\\/\\\/imaps-capital.com\\\/de\\\/#\\\/schema\\\/logo\\\/image\\\/\"},\"sameAs\":[\"https:\\\/\\\/www.facebook.com\\\/iMapsCapitalMarkets\\\/\",\"https:\\\/\\\/li.linkedin.com\\\/company\\\/imaps-capital-markets\",\"https:\\\/\\\/li.linkedin.com\\\/in\\\/andreaswoelfl\",\"https:\\\/\\\/twitter.com\\\/imapscapital\",\"https:\\\/\\\/www.instagram.com\\\/imaps_capital_markets\\\/\"]}]}<\/script>\n<!-- \/ Yoast SEO plugin. -->","yoast_head_json":{"title":"Haftungsausschluss &#8211; iMaps ETI AG","robots":{"index":"index","follow":"follow","max-snippet":"max-snippet:-1","max-image-preview":"max-image-preview:large","max-video-preview":"max-video-preview:-1"},"canonical":"https:\/\/imaps-capital.com\/de\/haftungsausschluss\/","og_locale":"de_DE","og_type":"article","og_title":"Haftungsausschluss &#8211; iMaps ETI AG","og_description":"Haftungsausschluss Allgemeiner Haftungsausschluss Diese Website wird von der iMaps ETI AG und ihren Tochtergesellschaften (&#8222;iMaps&#8220;) betrieben. Sie dient ausschlie\u00dflich dazu, Informationen \u00fcber iMaps und die \u00fcber die iMaps-Plattform strukturierten Exchange Traded Instruments (&#8222;ETIs&#8220;) bereitzustellen. Der Inhalt dieser Website stellt weder ein \u00f6ffentliches Angebot noch eine Aufforderung oder Empfehlung zum Kauf oder Verkauf von Finanzinstrumenten dar. [&hellip;]","og_url":"https:\/\/imaps-capital.com\/de\/haftungsausschluss\/","og_site_name":"iMaps ETI AG","article_publisher":"https:\/\/www.facebook.com\/iMapsCapitalMarkets\/","article_modified_time":"2025-07-22T14:23:50+00:00","og_image":[{"width":1200,"height":630,"url":"https:\/\/imaps-capital.com\/wp-content\/uploads\/2024\/09\/iMaps-Capital-FB.jpg","type":"image\/jpeg"}],"twitter_card":"summary_large_image","twitter_misc":{"Gesch\u00e4tzte Lesezeit":"3\u00a0Minuten"},"schema":{"@context":"https:\/\/schema.org","@graph":[{"@type":"WebPage","@id":"https:\/\/imaps-capital.com\/de\/haftungsausschluss\/","url":"https:\/\/imaps-capital.com\/de\/haftungsausschluss\/","name":"Haftungsausschluss &#8211; iMaps ETI AG","isPartOf":{"@id":"https:\/\/imaps-capital.com\/de\/#website"},"datePublished":"2025-07-22T14:02:31+00:00","dateModified":"2025-07-22T14:23:50+00:00","breadcrumb":{"@id":"https:\/\/imaps-capital.com\/de\/haftungsausschluss\/#breadcrumb"},"inLanguage":"de","potentialAction":[{"@type":"ReadAction","target":["https:\/\/imaps-capital.com\/de\/haftungsausschluss\/"]}]},{"@type":"BreadcrumbList","@id":"https:\/\/imaps-capital.com\/de\/haftungsausschluss\/#breadcrumb","itemListElement":[{"@type":"ListItem","position":1,"name":"Startseite","item":"https:\/\/imaps-capital.com\/de\/imaps-eti-ag\/"},{"@type":"ListItem","position":2,"name":"Haftungsausschluss"}]},{"@type":"WebSite","@id":"https:\/\/imaps-capital.com\/de\/#website","url":"https:\/\/imaps-capital.com\/de\/","name":"iMaps ETI AG","description":"Ihr Partner f\u00fcr Exchange Traded Instruments (ETIs)","publisher":{"@id":"https:\/\/imaps-capital.com\/de\/#organization"},"alternateName":"iMaps Capital Markets","potentialAction":[{"@type":"SearchAction","target":{"@type":"EntryPoint","urlTemplate":"https:\/\/imaps-capital.com\/de\/?s={search_term_string}"},"query-input":{"@type":"PropertyValueSpecification","valueRequired":true,"valueName":"search_term_string"}}],"inLanguage":"de"},{"@type":"Organization","@id":"https:\/\/imaps-capital.com\/de\/#organization","name":"iMaps ETI AG","alternateName":"iMaps Capital Markets","url":"https:\/\/imaps-capital.com\/de\/","logo":{"@type":"ImageObject","inLanguage":"de","@id":"https:\/\/imaps-capital.com\/de\/#\/schema\/logo\/image\/","url":"https:\/\/imaps-capital.com\/wp-content\/uploads\/2024\/09\/iMaps-Capital-FB.jpg","contentUrl":"https:\/\/imaps-capital.com\/wp-content\/uploads\/2024\/09\/iMaps-Capital-FB.jpg","width":1200,"height":630,"caption":"iMaps ETI AG"},"image":{"@id":"https:\/\/imaps-capital.com\/de\/#\/schema\/logo\/image\/"},"sameAs":["https:\/\/www.facebook.com\/iMapsCapitalMarkets\/","https:\/\/li.linkedin.com\/company\/imaps-capital-markets","https:\/\/li.linkedin.com\/in\/andreaswoelfl","https:\/\/twitter.com\/imapscapital","https:\/\/www.instagram.com\/imaps_capital_markets\/"]}]}},"_links":{"self":[{"href":"https:\/\/imaps-capital.com\/de\/wp-json\/wp\/v2\/pages\/14835","targetHints":{"allow":["GET"]}}],"collection":[{"href":"https:\/\/imaps-capital.com\/de\/wp-json\/wp\/v2\/pages"}],"about":[{"href":"https:\/\/imaps-capital.com\/de\/wp-json\/wp\/v2\/types\/page"}],"author":[{"embeddable":true,"href":"https:\/\/imaps-capital.com\/de\/wp-json\/wp\/v2\/users\/1"}],"replies":[{"embeddable":true,"href":"https:\/\/imaps-capital.com\/de\/wp-json\/wp\/v2\/comments?post=14835"}],"version-history":[{"count":3,"href":"https:\/\/imaps-capital.com\/de\/wp-json\/wp\/v2\/pages\/14835\/revisions"}],"predecessor-version":[{"id":14875,"href":"https:\/\/imaps-capital.com\/de\/wp-json\/wp\/v2\/pages\/14835\/revisions\/14875"}],"wp:attachment":[{"href":"https:\/\/imaps-capital.com\/de\/wp-json\/wp\/v2\/media?parent=14835"}],"curies":[{"name":"wp","href":"https:\/\/api.w.org\/{rel}","templated":true}]}}