{"id":14841,"date":"2025-07-22T16:02:37","date_gmt":"2025-07-22T14:02:37","guid":{"rendered":"https:\/\/imaps-capital.com\/descargo-de-responsabilidad\/"},"modified":"2025-07-22T16:23:51","modified_gmt":"2025-07-22T14:23:51","slug":"descargo-de-responsabilidad","status":"publish","type":"page","link":"https:\/\/imaps-capital.com\/es\/descargo-de-responsabilidad\/","title":{"rendered":"Descargo de responsabilidad"},"content":{"rendered":"\t\t<div data-elementor-type=\"wp-page\" data-elementor-id=\"14841\" class=\"elementor elementor-14841 elementor-14831\" data-elementor-post-type=\"page\">\n\t\t\t\t<div class=\"elementor-element elementor-element-4b90a93 e-flex e-con-boxed e-con e-parent\" data-id=\"4b90a93\" data-element_type=\"container\" data-e-type=\"container\" data-settings=\"{&quot;background_background&quot;:&quot;classic&quot;}\">\n\t\t\t\t\t<div class=\"e-con-inner\">\n\t\t<div class=\"elementor-element elementor-element-946daa2 e-con-full e-flex e-con e-child\" data-id=\"946daa2\" data-element_type=\"container\" data-e-type=\"container\">\n\t\t\t\t<div class=\"elementor-element elementor-element-ba093ec elementor-widget elementor-widget-heading\" data-id=\"ba093ec\" data-element_type=\"widget\" data-e-type=\"widget\" data-widget_type=\"heading.default\">\n\t\t\t\t<div class=\"elementor-widget-container\">\n\t\t\t\t\t<h1 class=\"elementor-heading-title elementor-size-default\">Descargo de responsabilidad<\/h1>\t\t\t\t<\/div>\n\t\t\t\t<\/div>\n\t\t\t\t<div class=\"elementor-element elementor-element-d18da5f elementor-widget-divider--view-line elementor-widget elementor-widget-divider\" data-id=\"d18da5f\" data-element_type=\"widget\" data-e-type=\"widget\" data-widget_type=\"divider.default\">\n\t\t\t\t<div class=\"elementor-widget-container\">\n\t\t\t\t\t\t\t<div class=\"elementor-divider\">\n\t\t\t<span class=\"elementor-divider-separator\">\n\t\t\t\t\t\t<\/span>\n\t\t<\/div>\n\t\t\t\t\t\t<\/div>\n\t\t\t\t<\/div>\n\t\t\t\t<\/div>\n\t\t\t\t\t<\/div>\n\t\t\t\t<\/div>\n\t\t<div class=\"elementor-element elementor-element-5e4ad33 e-flex e-con-boxed e-con e-parent\" data-id=\"5e4ad33\" data-element_type=\"container\" data-e-type=\"container\">\n\t\t\t\t\t<div class=\"e-con-inner\">\n\t\t<div class=\"elementor-element elementor-element-c8e3910 e-con-full e-flex e-con e-child\" data-id=\"c8e3910\" data-element_type=\"container\" data-e-type=\"container\">\n\t\t\t\t<div class=\"elementor-element elementor-element-eb439e0 elementor-widget elementor-widget-text-editor\" data-id=\"eb439e0\" data-element_type=\"widget\" data-e-type=\"widget\" data-widget_type=\"text-editor.default\">\n\t\t\t\t<div class=\"elementor-widget-container\">\n\t\t\t\t\t\t\t\t\t<h2>Descargo de responsabilidad general<\/h2>\n<p>Este sitio web est\u00e1 gestionado por iMaps ETI AG y sus filiales (\u00abiMaps\u00bb). Su \u00fanico objetivo es proporcionar informaci\u00f3n sobre iMaps y los Instrumentos Cotizados en Bolsa (\u00abETI\u00bb) estructurados a trav\u00e9s de la plataforma iMaps. El contenido de este sitio web no constituye ni una oferta p\u00fablica ni una solicitud o recomendaci\u00f3n de compra o venta de instrumentos financieros.  <\/p>\n<h2>Ninguna oferta, ning\u00fan consejo<\/h2>\n<p>Toda la informaci\u00f3n facilitada tiene \u00fanicamente fines comerciales e informativos. No debe interpretarse como asesoramiento de inversi\u00f3n, jur\u00eddico o fiscal. Ninguno de los documentos o informaciones aqu\u00ed publicados constituye un negocio jur\u00eddico de ning\u00fan tipo. Antes de tomar una decisi\u00f3n de inversi\u00f3n, las partes interesadas deben leer detenidamente todos los documentos relevantes para el riesgo (folleto base, incluidos todos los suplementos, condiciones finales, KID si procede) y solicitar asesoramiento a asesores profesionales independientes sobre los requisitos legales pertinentes, las consecuencias fiscales y la normativa sobre divisas de su jurisdicci\u00f3n.   <\/p>\n<h2>Advertencia de riesgo sobre las declaraciones prospectivas<\/h2>\n<p>El sitio web puede contener declaraciones prospectivas. iMaps no garantiza que las ETI obtengan rendimientos positivos. El valor de dichas inversiones puede fluctuar significativamente; es posible una p\u00e9rdida total del capital invertido. Las fluctuaciones de los tipos de cambio pueden afectar al rendimiento. Los resultados pasados no son un indicador fiable de los resultados futuros.    <\/p>\n<h2>Limitaci\u00f3n de responsabilidad<\/h2>\n<p>iMaps se esfuerza por proporcionar informaci\u00f3n precisa, completa y actualizada, pero no ofrece garant\u00edas de ning\u00fan tipo. iMaps no ser\u00e1 responsable de ninguna p\u00e9rdida o da\u00f1o de ning\u00fan tipo (incluyendo p\u00e9rdida de beneficios, interrupci\u00f3n de la actividad empresarial, p\u00e9rdida de datos) que se deriven del uso del sitio web o de los datos contenidos en \u00e9l. <\/p>\n<h2>Derechos de autor y de marca<\/h2>\n<p>Todo el contenido de este sitio web est\u00e1 protegido por derechos de autor. Las p\u00e1ginas o secciones individuales s\u00f3lo pueden guardarse o imprimirse si todos los avisos de copyright y propiedad permanecen inalterados. La descarga o copia del contenido no transfiere ning\u00fan derecho sobre el software, las marcas o el contenido.  <\/p>\n<h2>Restricciones de acceso y distribuci\u00f3n<\/h2>\n<p>Este sitio web est\u00e1 destinado \u00fanicamente a personas en cuya jurisdicci\u00f3n est\u00e9 permitida la distribuci\u00f3n de la informaci\u00f3n contenida en \u00e9l y la distribuci\u00f3n de las ETI estructuradas a trav\u00e9s de iMaps. Las personas a las que se apliquen restricciones locales (en particular debido a su nacionalidad o residencia fiscal) no podr\u00e1n acceder a este sitio web. <\/p>\n<h2>Situaci\u00f3n reglamentaria<\/h2>\n<p>El folleto de base de iMaps ETI AG para la emisi\u00f3n de Instrumentos Cotizados en Bolsa en forma de valores derivados ha sido aprobado por la Autoridad del Mercado Financiero de Liechtenstein (FMA) y notificado a numerosos Estados miembros de la UE, dicha aprobaci\u00f3n de folleto ; Adem\u00e1s, el folleto de base est\u00e1 registrado en RegServices de BX Swiss para la oferta p\u00fablica de los valores tambi\u00e9n a inversores minoristas en Suiza. La aprobaci\u00f3n del folleto por parte de la Autoridad del Mercado Financiero de Liechtenstein (FMA) no debe entenderse como una aprobaci\u00f3n de los valores ofertados.<\/p>\n<p>Seg\u00fan la legislaci\u00f3n vigente, la emisi\u00f3n de valores, incluida la emisi\u00f3n de valores derivados, no es un servicio bancario o financiero. iMaps ETI AG no presta servicios financieros sujetos a licencia en el sentido del Anexo I de la MiFID y, como plataforma de emisi\u00f3n pura, no est\u00e1 por tanto regulada ni supervisada como banco o empresa de inversi\u00f3n. <\/p><h2 style=\"font-style: normal;\">iMaps ETI AG<\/h2><p style=\"font-size: 16px; font-style: normal; font-weight: 300;\">Im alten Reit 102,<br>9494 Schaan,<br>Liechtenstein<\/p><p style=\"font-size: 16px; font-style: normal; font-weight: 300;\"><span style=\"font-size: 16px; font-weight: 500;\">Tel:<\/span> <a href=\"tel:+4237982649\" style=\"font-size: 16px; transition-property: all;\">+423 798 26 49<\/a><br><span style=\"font-size: 16px; font-weight: 500;\">Correo electr\u00f3nico<\/span> <a href=\"mailto:solutions@imaps-capital.com\" target=\"_blank\" rel=\"noopener\" style=\"font-size: 16px; transition-property: all;\">solutions@imaps-capital.com<\/a><br><span style=\"font-size: 16px; font-weight: 500;\">Web:<\/span> <a href=\"http:\/\/www.imaps-capital.com\/\" style=\"font-size: 16px; transition-property: all;\">www.imaps-capital.com<\/a><\/p><p style=\"font-size: 16px; font-style: normal; font-weight: 300;\"><span style=\"font-size: 16px; font-weight: 500;\">Domicilio social:<\/span> Schaan, Liechtenstein<br><span style=\"font-size: 16px; font-weight: 500;\">N\u00famero LEI:<\/span> 5299000ESEDFHHWG3R53<br><span style=\"font-size: 16px; font-weight: 500;\">N\u00famero de Registro Mercantil:<\/span> FL-0002.592.628-4<\/p>\t\t\t\t\t\t\t\t<\/div>\n\t\t\t\t<\/div>\n\t\t\t\t<\/div>\n\t\t\t\t\t<\/div>\n\t\t\t\t<\/div>\n\t\t\t\t<\/div>\n\t\t","protected":false},"excerpt":{"rendered":"<p>Descargo de responsabilidad Descargo de responsabilidad general Este sitio web est\u00e1 gestionado por iMaps ETI AG y sus filiales (\u00abiMaps\u00bb). Su \u00fanico objetivo es proporcionar informaci\u00f3n sobre iMaps y los Instrumentos Cotizados en Bolsa (\u00abETI\u00bb) estructurados a trav\u00e9s de la plataforma iMaps. El contenido de este sitio web no constituye ni una oferta p\u00fablica ni [&hellip;]<\/p>\n","protected":false},"author":1,"featured_media":0,"parent":0,"menu_order":0,"comment_status":"closed","ping_status":"closed","template":"","meta":{"_acf_changed":false,"inline_featured_image":false,"site-sidebar-layout":"no-sidebar","site-content-layout":"page-builder","ast-site-content-layout":"full-width-container","site-content-style":"default","site-sidebar-style":"default","ast-global-header-display":"","ast-banner-title-visibility":"","ast-main-header-display":"","ast-hfb-above-header-display":"","ast-hfb-below-header-display":"","ast-hfb-mobile-header-display":"","site-post-title":"disabled","ast-breadcrumbs-content":"","ast-featured-img":"disabled","footer-sml-layout":"","ast-disable-related-posts":"","theme-transparent-header-meta":"","adv-header-id-meta":"","stick-header-meta":"","header-above-stick-meta":"","header-main-stick-meta":"","header-below-stick-meta":"","astra-migrate-meta-layouts":"default","ast-page-background-enabled":"default","ast-page-background-meta":{"desktop":{"background-color":"","background-image":"","background-repeat":"repeat","background-position":"center center","background-size":"auto","background-attachment":"scroll","background-type":"","background-media":"","overlay-type":"","overlay-color":"","overlay-opacity":"","overlay-gradient":""},"tablet":{"background-color":"","background-image":"","background-repeat":"repeat","background-position":"center center","background-size":"auto","background-attachment":"scroll","background-type":"","background-media":"","overlay-type":"","overlay-color":"","overlay-opacity":"","overlay-gradient":""},"mobile":{"background-color":"","background-image":"","background-repeat":"repeat","background-position":"center center","background-size":"auto","background-attachment":"scroll","background-type":"","background-media":"","overlay-type":"","overlay-color":"","overlay-opacity":"","overlay-gradient":""}},"ast-content-background-meta":{"desktop":{"background-color":"var(--ast-global-color-5)","background-image":"","background-repeat":"repeat","background-position":"center center","background-size":"auto","background-attachment":"scroll","background-type":"","background-media":"","overlay-type":"","overlay-color":"","overlay-opacity":"","overlay-gradient":""},"tablet":{"background-color":"var(--ast-global-color-5)","background-image":"","background-repeat":"repeat","background-position":"center center","background-size":"auto","background-attachment":"scroll","background-type":"","background-media":"","overlay-type":"","overlay-color":"","overlay-opacity":"","overlay-gradient":""},"mobile":{"background-color":"var(--ast-global-color-5)","background-image":"","background-repeat":"repeat","background-position":"center center","background-size":"auto","background-attachment":"scroll","background-type":"","background-media":"","overlay-type":"","overlay-color":"","overlay-opacity":"","overlay-gradient":""}},"footnotes":""},"class_list":["post-14841","page","type-page","status-publish","hentry"],"acf":[],"yoast_head":"<!-- This site is optimized with the Yoast SEO plugin v27.4 - https:\/\/yoast.com\/product\/yoast-seo-wordpress\/ -->\n<title>Descargo de responsabilidad &#8211; iMaps ETI AG<\/title>\n<meta name=\"robots\" content=\"index, follow, max-snippet:-1, max-image-preview:large, max-video-preview:-1\" \/>\n<link rel=\"canonical\" href=\"https:\/\/imaps-capital.com\/es\/descargo-de-responsabilidad\/\" \/>\n<meta property=\"og:locale\" content=\"es_ES\" \/>\n<meta property=\"og:type\" content=\"article\" \/>\n<meta property=\"og:title\" content=\"Descargo de responsabilidad &#8211; iMaps ETI AG\" \/>\n<meta property=\"og:description\" content=\"Descargo de responsabilidad Descargo de responsabilidad general Este sitio web est\u00e1 gestionado por iMaps ETI AG y sus filiales (\u00abiMaps\u00bb). Su \u00fanico objetivo es proporcionar informaci\u00f3n sobre iMaps y los Instrumentos Cotizados en Bolsa (\u00abETI\u00bb) estructurados a trav\u00e9s de la plataforma iMaps. El contenido de este sitio web no constituye ni una oferta p\u00fablica ni [&hellip;]\" \/>\n<meta property=\"og:url\" content=\"https:\/\/imaps-capital.com\/es\/descargo-de-responsabilidad\/\" \/>\n<meta property=\"og:site_name\" content=\"iMaps ETI AG\" \/>\n<meta property=\"article:publisher\" content=\"https:\/\/www.facebook.com\/iMapsCapitalMarkets\/\" \/>\n<meta property=\"article:modified_time\" content=\"2025-07-22T14:23:51+00:00\" \/>\n<meta property=\"og:image\" content=\"https:\/\/imaps-capital.com\/wp-content\/uploads\/2024\/09\/iMaps-Capital-FB.jpg\" \/>\n\t<meta property=\"og:image:width\" content=\"1200\" \/>\n\t<meta property=\"og:image:height\" content=\"630\" \/>\n\t<meta property=\"og:image:type\" content=\"image\/jpeg\" \/>\n<meta name=\"twitter:card\" content=\"summary_large_image\" \/>\n<meta name=\"twitter:label1\" content=\"Tiempo de lectura\" \/>\n\t<meta name=\"twitter:data1\" content=\"3 minutos\" \/>\n<script type=\"application\/ld+json\" class=\"yoast-schema-graph\">{\"@context\":\"https:\\\/\\\/schema.org\",\"@graph\":[{\"@type\":\"WebPage\",\"@id\":\"https:\\\/\\\/imaps-capital.com\\\/es\\\/descargo-de-responsabilidad\\\/\",\"url\":\"https:\\\/\\\/imaps-capital.com\\\/es\\\/descargo-de-responsabilidad\\\/\",\"name\":\"Descargo de responsabilidad &#8211; iMaps ETI AG\",\"isPartOf\":{\"@id\":\"https:\\\/\\\/imaps-capital.com\\\/es\\\/#website\"},\"datePublished\":\"2025-07-22T14:02:37+00:00\",\"dateModified\":\"2025-07-22T14:23:51+00:00\",\"breadcrumb\":{\"@id\":\"https:\\\/\\\/imaps-capital.com\\\/es\\\/descargo-de-responsabilidad\\\/#breadcrumb\"},\"inLanguage\":\"es\",\"potentialAction\":[{\"@type\":\"ReadAction\",\"target\":[\"https:\\\/\\\/imaps-capital.com\\\/es\\\/descargo-de-responsabilidad\\\/\"]}]},{\"@type\":\"BreadcrumbList\",\"@id\":\"https:\\\/\\\/imaps-capital.com\\\/es\\\/descargo-de-responsabilidad\\\/#breadcrumb\",\"itemListElement\":[{\"@type\":\"ListItem\",\"position\":1,\"name\":\"Startseite\",\"item\":\"https:\\\/\\\/imaps-capital.com\\\/es\\\/imaps-eti-ag\\\/\"},{\"@type\":\"ListItem\",\"position\":2,\"name\":\"Descargo de responsabilidad\"}]},{\"@type\":\"WebSite\",\"@id\":\"https:\\\/\\\/imaps-capital.com\\\/es\\\/#website\",\"url\":\"https:\\\/\\\/imaps-capital.com\\\/es\\\/\",\"name\":\"iMaps ETI AG\",\"description\":\"Your Partner for Exchange Traded Instruments\",\"publisher\":{\"@id\":\"https:\\\/\\\/imaps-capital.com\\\/es\\\/#organization\"},\"alternateName\":\"iMaps Capital Markets\",\"potentialAction\":[{\"@type\":\"SearchAction\",\"target\":{\"@type\":\"EntryPoint\",\"urlTemplate\":\"https:\\\/\\\/imaps-capital.com\\\/es\\\/?s={search_term_string}\"},\"query-input\":{\"@type\":\"PropertyValueSpecification\",\"valueRequired\":true,\"valueName\":\"search_term_string\"}}],\"inLanguage\":\"es\"},{\"@type\":\"Organization\",\"@id\":\"https:\\\/\\\/imaps-capital.com\\\/es\\\/#organization\",\"name\":\"iMaps ETI AG\",\"alternateName\":\"iMaps Capital Markets\",\"url\":\"https:\\\/\\\/imaps-capital.com\\\/es\\\/\",\"logo\":{\"@type\":\"ImageObject\",\"inLanguage\":\"es\",\"@id\":\"https:\\\/\\\/imaps-capital.com\\\/es\\\/#\\\/schema\\\/logo\\\/image\\\/\",\"url\":\"https:\\\/\\\/imaps-capital.com\\\/wp-content\\\/uploads\\\/2024\\\/09\\\/iMaps-Capital-FB.jpg\",\"contentUrl\":\"https:\\\/\\\/imaps-capital.com\\\/wp-content\\\/uploads\\\/2024\\\/09\\\/iMaps-Capital-FB.jpg\",\"width\":1200,\"height\":630,\"caption\":\"iMaps ETI AG\"},\"image\":{\"@id\":\"https:\\\/\\\/imaps-capital.com\\\/es\\\/#\\\/schema\\\/logo\\\/image\\\/\"},\"sameAs\":[\"https:\\\/\\\/www.facebook.com\\\/iMapsCapitalMarkets\\\/\",\"https:\\\/\\\/li.linkedin.com\\\/company\\\/imaps-capital-markets\",\"https:\\\/\\\/li.linkedin.com\\\/in\\\/andreaswoelfl\",\"https:\\\/\\\/twitter.com\\\/imapscapital\",\"https:\\\/\\\/www.instagram.com\\\/imaps_capital_markets\\\/\"]}]}<\/script>\n<!-- \/ Yoast SEO plugin. -->","yoast_head_json":{"title":"Descargo de responsabilidad &#8211; iMaps ETI AG","robots":{"index":"index","follow":"follow","max-snippet":"max-snippet:-1","max-image-preview":"max-image-preview:large","max-video-preview":"max-video-preview:-1"},"canonical":"https:\/\/imaps-capital.com\/es\/descargo-de-responsabilidad\/","og_locale":"es_ES","og_type":"article","og_title":"Descargo de responsabilidad &#8211; iMaps ETI AG","og_description":"Descargo de responsabilidad Descargo de responsabilidad general Este sitio web est\u00e1 gestionado por iMaps ETI AG y sus filiales (\u00abiMaps\u00bb). Su \u00fanico objetivo es proporcionar informaci\u00f3n sobre iMaps y los Instrumentos Cotizados en Bolsa (\u00abETI\u00bb) estructurados a trav\u00e9s de la plataforma iMaps. El contenido de este sitio web no constituye ni una oferta p\u00fablica ni [&hellip;]","og_url":"https:\/\/imaps-capital.com\/es\/descargo-de-responsabilidad\/","og_site_name":"iMaps ETI AG","article_publisher":"https:\/\/www.facebook.com\/iMapsCapitalMarkets\/","article_modified_time":"2025-07-22T14:23:51+00:00","og_image":[{"width":1200,"height":630,"url":"https:\/\/imaps-capital.com\/wp-content\/uploads\/2024\/09\/iMaps-Capital-FB.jpg","type":"image\/jpeg"}],"twitter_card":"summary_large_image","twitter_misc":{"Tiempo de lectura":"3 minutos"},"schema":{"@context":"https:\/\/schema.org","@graph":[{"@type":"WebPage","@id":"https:\/\/imaps-capital.com\/es\/descargo-de-responsabilidad\/","url":"https:\/\/imaps-capital.com\/es\/descargo-de-responsabilidad\/","name":"Descargo de responsabilidad &#8211; iMaps ETI AG","isPartOf":{"@id":"https:\/\/imaps-capital.com\/es\/#website"},"datePublished":"2025-07-22T14:02:37+00:00","dateModified":"2025-07-22T14:23:51+00:00","breadcrumb":{"@id":"https:\/\/imaps-capital.com\/es\/descargo-de-responsabilidad\/#breadcrumb"},"inLanguage":"es","potentialAction":[{"@type":"ReadAction","target":["https:\/\/imaps-capital.com\/es\/descargo-de-responsabilidad\/"]}]},{"@type":"BreadcrumbList","@id":"https:\/\/imaps-capital.com\/es\/descargo-de-responsabilidad\/#breadcrumb","itemListElement":[{"@type":"ListItem","position":1,"name":"Startseite","item":"https:\/\/imaps-capital.com\/es\/imaps-eti-ag\/"},{"@type":"ListItem","position":2,"name":"Descargo de responsabilidad"}]},{"@type":"WebSite","@id":"https:\/\/imaps-capital.com\/es\/#website","url":"https:\/\/imaps-capital.com\/es\/","name":"iMaps ETI AG","description":"Your Partner for Exchange Traded Instruments","publisher":{"@id":"https:\/\/imaps-capital.com\/es\/#organization"},"alternateName":"iMaps Capital Markets","potentialAction":[{"@type":"SearchAction","target":{"@type":"EntryPoint","urlTemplate":"https:\/\/imaps-capital.com\/es\/?s={search_term_string}"},"query-input":{"@type":"PropertyValueSpecification","valueRequired":true,"valueName":"search_term_string"}}],"inLanguage":"es"},{"@type":"Organization","@id":"https:\/\/imaps-capital.com\/es\/#organization","name":"iMaps ETI AG","alternateName":"iMaps Capital Markets","url":"https:\/\/imaps-capital.com\/es\/","logo":{"@type":"ImageObject","inLanguage":"es","@id":"https:\/\/imaps-capital.com\/es\/#\/schema\/logo\/image\/","url":"https:\/\/imaps-capital.com\/wp-content\/uploads\/2024\/09\/iMaps-Capital-FB.jpg","contentUrl":"https:\/\/imaps-capital.com\/wp-content\/uploads\/2024\/09\/iMaps-Capital-FB.jpg","width":1200,"height":630,"caption":"iMaps ETI AG"},"image":{"@id":"https:\/\/imaps-capital.com\/es\/#\/schema\/logo\/image\/"},"sameAs":["https:\/\/www.facebook.com\/iMapsCapitalMarkets\/","https:\/\/li.linkedin.com\/company\/imaps-capital-markets","https:\/\/li.linkedin.com\/in\/andreaswoelfl","https:\/\/twitter.com\/imapscapital","https:\/\/www.instagram.com\/imaps_capital_markets\/"]}]}},"_links":{"self":[{"href":"https:\/\/imaps-capital.com\/es\/wp-json\/wp\/v2\/pages\/14841","targetHints":{"allow":["GET"]}}],"collection":[{"href":"https:\/\/imaps-capital.com\/es\/wp-json\/wp\/v2\/pages"}],"about":[{"href":"https:\/\/imaps-capital.com\/es\/wp-json\/wp\/v2\/types\/page"}],"author":[{"embeddable":true,"href":"https:\/\/imaps-capital.com\/es\/wp-json\/wp\/v2\/users\/1"}],"replies":[{"embeddable":true,"href":"https:\/\/imaps-capital.com\/es\/wp-json\/wp\/v2\/comments?post=14841"}],"version-history":[{"count":3,"href":"https:\/\/imaps-capital.com\/es\/wp-json\/wp\/v2\/pages\/14841\/revisions"}],"predecessor-version":[{"id":14877,"href":"https:\/\/imaps-capital.com\/es\/wp-json\/wp\/v2\/pages\/14841\/revisions\/14877"}],"wp:attachment":[{"href":"https:\/\/imaps-capital.com\/es\/wp-json\/wp\/v2\/media?parent=14841"}],"curies":[{"name":"wp","href":"https:\/\/api.w.org\/{rel}","templated":true}]}}