{"id":13486,"date":"2025-07-02T14:49:01","date_gmt":"2025-07-02T12:49:01","guid":{"rendered":"https:\/\/imaps-capital.com\/impression\/"},"modified":"2025-07-02T16:43:10","modified_gmt":"2025-07-02T14:43:10","slug":"impression","status":"publish","type":"page","link":"https:\/\/imaps-capital.com\/fr\/impression\/","title":{"rendered":"Impression"},"content":{"rendered":"\t\t<div data-elementor-type=\"wp-post\" data-elementor-id=\"13486\" class=\"elementor elementor-13486 elementor-1166\" data-elementor-post-type=\"page\">\n\t\t\t\t<div class=\"elementor-element elementor-element-daae64d e-flex e-con-boxed e-con e-parent\" data-id=\"daae64d\" data-element_type=\"container\" data-e-type=\"container\" data-settings=\"{&quot;background_background&quot;:&quot;classic&quot;}\">\n\t\t\t\t\t<div class=\"e-con-inner\">\n\t\t<div class=\"elementor-element elementor-element-ab84d95 e-con-full e-flex e-con e-child\" data-id=\"ab84d95\" data-element_type=\"container\" data-e-type=\"container\">\n\t\t\t\t<div class=\"elementor-element elementor-element-527c504 elementor-widget elementor-widget-heading\" data-id=\"527c504\" data-element_type=\"widget\" data-e-type=\"widget\" data-widget_type=\"heading.default\">\n\t\t\t\t<div class=\"elementor-widget-container\">\n\t\t\t\t\t<h1 class=\"elementor-heading-title elementor-size-default\">Impression<\/h1>\t\t\t\t<\/div>\n\t\t\t\t<\/div>\n\t\t\t\t<div class=\"elementor-element elementor-element-682bef2 elementor-widget-divider--view-line elementor-widget elementor-widget-divider\" data-id=\"682bef2\" data-element_type=\"widget\" data-e-type=\"widget\" data-widget_type=\"divider.default\">\n\t\t\t\t<div class=\"elementor-widget-container\">\n\t\t\t\t\t\t\t<div class=\"elementor-divider\">\n\t\t\t<span class=\"elementor-divider-separator\">\n\t\t\t\t\t\t<\/span>\n\t\t<\/div>\n\t\t\t\t\t\t<\/div>\n\t\t\t\t<\/div>\n\t\t\t\t<\/div>\n\t\t\t\t\t<\/div>\n\t\t\t\t<\/div>\n\t\t<div class=\"elementor-element elementor-element-feff312 e-flex e-con-boxed e-con e-parent\" data-id=\"feff312\" data-element_type=\"container\" data-e-type=\"container\">\n\t\t\t\t\t<div class=\"e-con-inner\">\n\t\t<div class=\"elementor-element elementor-element-76d8e14 e-con-full e-flex e-con e-child\" data-id=\"76d8e14\" data-element_type=\"container\" data-e-type=\"container\">\n\t\t\t\t<div class=\"elementor-element elementor-element-04eb42d elementor-widget elementor-widget-heading\" data-id=\"04eb42d\" data-element_type=\"widget\" data-e-type=\"widget\" data-widget_type=\"heading.default\">\n\t\t\t\t<div class=\"elementor-widget-container\">\n\t\t\t\t\t<h3 class=\"elementor-heading-title elementor-size-default\">iMaps ETI AG<\/h3>\t\t\t\t<\/div>\n\t\t\t\t<\/div>\n\t\t\t\t<div class=\"elementor-element elementor-element-84f2a7d elementor-widget elementor-widget-text-editor\" data-id=\"84f2a7d\" data-element_type=\"widget\" data-e-type=\"widget\" data-widget_type=\"text-editor.default\">\n\t\t\t\t<div class=\"elementor-widget-container\">\n\t\t\t\t\t\t\t\t\t<p>Im alten Reit 102,<br>9494 Schaan,<br>Liechtenstein<\/p><p><strong>T\u00e9l :<\/strong> <a href=\"tel:+4237982649\">+423 798 26 49<\/a><br><strong>Courriel :<\/strong> <a href=\"mailto:solutions@imaps-capital.com\" target=\"_blank\" rel=\"noopener\">solutions@imaps-capital.com<\/a><br><strong>Web :<\/strong> <a href=\"http:\/\/www.imaps-capital.com\">www.imaps-capital.com<\/a><\/p><p><strong>Si\u00e8ge social :<\/strong> Schaan, Liechtenstein<br><strong>Num\u00e9ro LEI :<\/strong> 5299000ESEDFHHWG3R53<br><strong>Num\u00e9ro d&rsquo;enregistrement de la soci\u00e9t\u00e9 :<\/strong> FL-0002.592.628-4<\/p>\t\t\t\t\t\t\t\t<\/div>\n\t\t\t\t<\/div>\n\t\t\t\t<div class=\"elementor-element elementor-element-75c2d17 elementor-widget elementor-widget-text-editor\" data-id=\"75c2d17\" data-element_type=\"widget\" data-e-type=\"widget\" data-widget_type=\"text-editor.default\">\n\t\t\t\t<div class=\"elementor-widget-container\">\n\t\t\t\t\t\t\t\t\t<p><strong>Objectifs de l&rsquo;entreprise :<\/strong> \u00c9metteur d&rsquo;instruments n\u00e9goci\u00e9s en bourse ; gestion des investissements et produits d\u00e9riv\u00e9s<\/p><p><strong>R\u00e9alisateurs :<\/strong> Andreas Woelfl, Herbert Hakala, Jeffrey Alldis<\/p><p><strong>Structure de l&rsquo;actionnariat :<\/strong> 100% Aeternitas Imperium Privatstiftung<\/p><p><strong>Objectif du site :<\/strong> Fournir des informations et faire du marketing sur la plate-forme iMaps Capital Markets, les services du groupe iMaps Capital Markets et publier des commentaires sur les march\u00e9s financiers.<\/p>\t\t\t\t\t\t\t\t<\/div>\n\t\t\t\t<\/div>\n\t\t\t\t<\/div>\n\t\t\t\t\t<\/div>\n\t\t\t\t<\/div>\n\t\t\t\t<\/div>\n\t\t","protected":false},"excerpt":{"rendered":"<p>Impression iMaps ETI AG Im alten Reit 102,9494 Schaan,Liechtenstein T\u00e9l : +423 798 26 49Courriel : solutions@imaps-capital.comWeb : www.imaps-capital.com Si\u00e8ge social : Schaan, LiechtensteinNum\u00e9ro LEI : 5299000ESEDFHHWG3R53Num\u00e9ro d&rsquo;enregistrement de la soci\u00e9t\u00e9 : FL-0002.592.628-4 Objectifs de l&rsquo;entreprise : \u00c9metteur d&rsquo;instruments n\u00e9goci\u00e9s en bourse ; gestion des investissements et produits d\u00e9riv\u00e9s R\u00e9alisateurs : Andreas Woelfl, Herbert Hakala, [&hellip;]<\/p>\n","protected":false},"author":1,"featured_media":0,"parent":0,"menu_order":14,"comment_status":"closed","ping_status":"closed","template":"","meta":{"_acf_changed":false,"inline_featured_image":false,"site-sidebar-layout":"no-sidebar","site-content-layout":"page-builder","ast-site-content-layout":"full-width-container","site-content-style":"unboxed","site-sidebar-style":"unboxed","ast-global-header-display":"","ast-banner-title-visibility":"","ast-main-header-display":"","ast-hfb-above-header-display":"","ast-hfb-below-header-display":"","ast-hfb-mobile-header-display":"","site-post-title":"disabled","ast-breadcrumbs-content":"","ast-featured-img":"disabled","footer-sml-layout":"","ast-disable-related-posts":"","theme-transparent-header-meta":"default","adv-header-id-meta":"","stick-header-meta":"default","header-above-stick-meta":"","header-main-stick-meta":"","header-below-stick-meta":"","astra-migrate-meta-layouts":"default","ast-page-background-enabled":"default","ast-page-background-meta":{"desktop":{"background-color":"","background-image":"","background-repeat":"repeat","background-position":"center center","background-size":"auto","background-attachment":"scroll","background-type":"","background-media":"","overlay-type":"","overlay-color":"","overlay-opacity":"","overlay-gradient":""},"tablet":{"background-color":"","background-image":"","background-repeat":"repeat","background-position":"center center","background-size":"auto","background-attachment":"scroll","background-type":"","background-media":"","overlay-type":"","overlay-color":"","overlay-opacity":"","overlay-gradient":""},"mobile":{"background-color":"","background-image":"","background-repeat":"repeat","background-position":"center center","background-size":"auto","background-attachment":"scroll","background-type":"","background-media":"","overlay-type":"","overlay-color":"","overlay-opacity":"","overlay-gradient":""}},"ast-content-background-meta":{"desktop":{"background-color":"var(--ast-global-color-5)","background-image":"","background-repeat":"repeat","background-position":"center center","background-size":"auto","background-attachment":"scroll","background-type":"","background-media":"","overlay-type":"","overlay-color":"","overlay-opacity":"","overlay-gradient":""},"tablet":{"background-color":"var(--ast-global-color-5)","background-image":"","background-repeat":"repeat","background-position":"center center","background-size":"auto","background-attachment":"scroll","background-type":"","background-media":"","overlay-type":"","overlay-color":"","overlay-opacity":"","overlay-gradient":""},"mobile":{"background-color":"var(--ast-global-color-5)","background-image":"","background-repeat":"repeat","background-position":"center center","background-size":"auto","background-attachment":"scroll","background-type":"","background-media":"","overlay-type":"","overlay-color":"","overlay-opacity":"","overlay-gradient":""}},"footnotes":""},"class_list":["post-13486","page","type-page","status-publish","hentry"],"acf":[],"yoast_head":"<!-- This site is optimized with the Yoast SEO plugin v27.4 - https:\/\/yoast.com\/product\/yoast-seo-wordpress\/ -->\n<title>iMaps ETI AG | Impression<\/title>\n<meta name=\"description\" content=\"iMaps ETI AG | Tel : +1\/345\/23213-82 | Email : solutions@imaps-capital.com | Web : www.imaps-capital.com\" \/>\n<meta name=\"robots\" content=\"noindex, follow\" \/>\n<meta property=\"og:locale\" content=\"fr_FR\" \/>\n<meta property=\"og:type\" content=\"article\" \/>\n<meta property=\"og:title\" content=\"iMaps ETI AG | Impression\" \/>\n<meta property=\"og:description\" content=\"iMaps ETI AG | Tel : +1\/345\/23213-82 | Email : solutions@imaps-capital.com | Web : www.imaps-capital.com\" \/>\n<meta property=\"og:url\" content=\"https:\/\/imaps-capital.com\/fr\/impression\/\" \/>\n<meta property=\"og:site_name\" content=\"iMaps ETI AG\" \/>\n<meta property=\"article:publisher\" content=\"https:\/\/www.facebook.com\/iMapsCapitalMarkets\/\" \/>\n<meta property=\"article:modified_time\" content=\"2025-07-02T14:43:10+00:00\" \/>\n<meta property=\"og:image\" content=\"https:\/\/imaps-capital.com\/wp-content\/uploads\/2024\/09\/iMaps-Capital-FB.jpg\" \/>\n\t<meta property=\"og:image:width\" content=\"1200\" \/>\n\t<meta property=\"og:image:height\" content=\"630\" \/>\n\t<meta property=\"og:image:type\" content=\"image\/jpeg\" \/>\n<meta name=\"twitter:card\" content=\"summary_large_image\" \/>\n<script type=\"application\/ld+json\" class=\"yoast-schema-graph\">{\"@context\":\"https:\\\/\\\/schema.org\",\"@graph\":[{\"@type\":\"WebPage\",\"@id\":\"https:\\\/\\\/imaps-capital.com\\\/fr\\\/impression\\\/\",\"url\":\"https:\\\/\\\/imaps-capital.com\\\/fr\\\/impression\\\/\",\"name\":\"iMaps ETI AG | Impression\",\"isPartOf\":{\"@id\":\"https:\\\/\\\/imaps-capital.com\\\/fr\\\/#website\"},\"datePublished\":\"2025-07-02T12:49:01+00:00\",\"dateModified\":\"2025-07-02T14:43:10+00:00\",\"description\":\"iMaps ETI AG | Tel : +1\\\/345\\\/23213-82 | Email : solutions@imaps-capital.com | Web : www.imaps-capital.com\",\"breadcrumb\":{\"@id\":\"https:\\\/\\\/imaps-capital.com\\\/fr\\\/impression\\\/#breadcrumb\"},\"inLanguage\":\"fr-FR\",\"potentialAction\":[{\"@type\":\"ReadAction\",\"target\":[\"https:\\\/\\\/imaps-capital.com\\\/fr\\\/impression\\\/\"]}]},{\"@type\":\"BreadcrumbList\",\"@id\":\"https:\\\/\\\/imaps-capital.com\\\/fr\\\/impression\\\/#breadcrumb\",\"itemListElement\":[{\"@type\":\"ListItem\",\"position\":1,\"name\":\"Startseite\",\"item\":\"https:\\\/\\\/imaps-capital.com\\\/fr\\\/imaps-eti-ag\\\/\"},{\"@type\":\"ListItem\",\"position\":2,\"name\":\"Impression\"}]},{\"@type\":\"WebSite\",\"@id\":\"https:\\\/\\\/imaps-capital.com\\\/fr\\\/#website\",\"url\":\"https:\\\/\\\/imaps-capital.com\\\/fr\\\/\",\"name\":\"iMaps ETI AG\",\"description\":\"Your Partner for Exchange Traded Instruments\",\"publisher\":{\"@id\":\"https:\\\/\\\/imaps-capital.com\\\/fr\\\/#organization\"},\"alternateName\":\"iMaps Capital Markets\",\"potentialAction\":[{\"@type\":\"SearchAction\",\"target\":{\"@type\":\"EntryPoint\",\"urlTemplate\":\"https:\\\/\\\/imaps-capital.com\\\/fr\\\/?s={search_term_string}\"},\"query-input\":{\"@type\":\"PropertyValueSpecification\",\"valueRequired\":true,\"valueName\":\"search_term_string\"}}],\"inLanguage\":\"fr-FR\"},{\"@type\":\"Organization\",\"@id\":\"https:\\\/\\\/imaps-capital.com\\\/fr\\\/#organization\",\"name\":\"iMaps ETI AG\",\"alternateName\":\"iMaps Capital Markets\",\"url\":\"https:\\\/\\\/imaps-capital.com\\\/fr\\\/\",\"logo\":{\"@type\":\"ImageObject\",\"inLanguage\":\"fr-FR\",\"@id\":\"https:\\\/\\\/imaps-capital.com\\\/fr\\\/#\\\/schema\\\/logo\\\/image\\\/\",\"url\":\"https:\\\/\\\/imaps-capital.com\\\/wp-content\\\/uploads\\\/2024\\\/09\\\/iMaps-Capital-FB.jpg\",\"contentUrl\":\"https:\\\/\\\/imaps-capital.com\\\/wp-content\\\/uploads\\\/2024\\\/09\\\/iMaps-Capital-FB.jpg\",\"width\":1200,\"height\":630,\"caption\":\"iMaps ETI AG\"},\"image\":{\"@id\":\"https:\\\/\\\/imaps-capital.com\\\/fr\\\/#\\\/schema\\\/logo\\\/image\\\/\"},\"sameAs\":[\"https:\\\/\\\/www.facebook.com\\\/iMapsCapitalMarkets\\\/\",\"https:\\\/\\\/li.linkedin.com\\\/company\\\/imaps-capital-markets\",\"https:\\\/\\\/li.linkedin.com\\\/in\\\/andreaswoelfl\",\"https:\\\/\\\/twitter.com\\\/imapscapital\",\"https:\\\/\\\/www.instagram.com\\\/imaps_capital_markets\\\/\"]}]}<\/script>\n<!-- \/ Yoast SEO plugin. -->","yoast_head_json":{"title":"iMaps ETI AG | Impression","description":"iMaps ETI AG | Tel : +1\/345\/23213-82 | Email : solutions@imaps-capital.com | Web : www.imaps-capital.com","robots":{"index":"noindex","follow":"follow"},"og_locale":"fr_FR","og_type":"article","og_title":"iMaps ETI AG | Impression","og_description":"iMaps ETI AG | Tel : +1\/345\/23213-82 | Email : solutions@imaps-capital.com | Web : www.imaps-capital.com","og_url":"https:\/\/imaps-capital.com\/fr\/impression\/","og_site_name":"iMaps ETI AG","article_publisher":"https:\/\/www.facebook.com\/iMapsCapitalMarkets\/","article_modified_time":"2025-07-02T14:43:10+00:00","og_image":[{"width":1200,"height":630,"url":"https:\/\/imaps-capital.com\/wp-content\/uploads\/2024\/09\/iMaps-Capital-FB.jpg","type":"image\/jpeg"}],"twitter_card":"summary_large_image","schema":{"@context":"https:\/\/schema.org","@graph":[{"@type":"WebPage","@id":"https:\/\/imaps-capital.com\/fr\/impression\/","url":"https:\/\/imaps-capital.com\/fr\/impression\/","name":"iMaps ETI AG | Impression","isPartOf":{"@id":"https:\/\/imaps-capital.com\/fr\/#website"},"datePublished":"2025-07-02T12:49:01+00:00","dateModified":"2025-07-02T14:43:10+00:00","description":"iMaps ETI AG | Tel : +1\/345\/23213-82 | Email : solutions@imaps-capital.com | Web : www.imaps-capital.com","breadcrumb":{"@id":"https:\/\/imaps-capital.com\/fr\/impression\/#breadcrumb"},"inLanguage":"fr-FR","potentialAction":[{"@type":"ReadAction","target":["https:\/\/imaps-capital.com\/fr\/impression\/"]}]},{"@type":"BreadcrumbList","@id":"https:\/\/imaps-capital.com\/fr\/impression\/#breadcrumb","itemListElement":[{"@type":"ListItem","position":1,"name":"Startseite","item":"https:\/\/imaps-capital.com\/fr\/imaps-eti-ag\/"},{"@type":"ListItem","position":2,"name":"Impression"}]},{"@type":"WebSite","@id":"https:\/\/imaps-capital.com\/fr\/#website","url":"https:\/\/imaps-capital.com\/fr\/","name":"iMaps ETI AG","description":"Your Partner for Exchange Traded Instruments","publisher":{"@id":"https:\/\/imaps-capital.com\/fr\/#organization"},"alternateName":"iMaps Capital Markets","potentialAction":[{"@type":"SearchAction","target":{"@type":"EntryPoint","urlTemplate":"https:\/\/imaps-capital.com\/fr\/?s={search_term_string}"},"query-input":{"@type":"PropertyValueSpecification","valueRequired":true,"valueName":"search_term_string"}}],"inLanguage":"fr-FR"},{"@type":"Organization","@id":"https:\/\/imaps-capital.com\/fr\/#organization","name":"iMaps ETI AG","alternateName":"iMaps Capital Markets","url":"https:\/\/imaps-capital.com\/fr\/","logo":{"@type":"ImageObject","inLanguage":"fr-FR","@id":"https:\/\/imaps-capital.com\/fr\/#\/schema\/logo\/image\/","url":"https:\/\/imaps-capital.com\/wp-content\/uploads\/2024\/09\/iMaps-Capital-FB.jpg","contentUrl":"https:\/\/imaps-capital.com\/wp-content\/uploads\/2024\/09\/iMaps-Capital-FB.jpg","width":1200,"height":630,"caption":"iMaps ETI AG"},"image":{"@id":"https:\/\/imaps-capital.com\/fr\/#\/schema\/logo\/image\/"},"sameAs":["https:\/\/www.facebook.com\/iMapsCapitalMarkets\/","https:\/\/li.linkedin.com\/company\/imaps-capital-markets","https:\/\/li.linkedin.com\/in\/andreaswoelfl","https:\/\/twitter.com\/imapscapital","https:\/\/www.instagram.com\/imaps_capital_markets\/"]}]}},"_links":{"self":[{"href":"https:\/\/imaps-capital.com\/fr\/wp-json\/wp\/v2\/pages\/13486","targetHints":{"allow":["GET"]}}],"collection":[{"href":"https:\/\/imaps-capital.com\/fr\/wp-json\/wp\/v2\/pages"}],"about":[{"href":"https:\/\/imaps-capital.com\/fr\/wp-json\/wp\/v2\/types\/page"}],"author":[{"embeddable":true,"href":"https:\/\/imaps-capital.com\/fr\/wp-json\/wp\/v2\/users\/1"}],"replies":[{"embeddable":true,"href":"https:\/\/imaps-capital.com\/fr\/wp-json\/wp\/v2\/comments?post=13486"}],"version-history":[{"count":3,"href":"https:\/\/imaps-capital.com\/fr\/wp-json\/wp\/v2\/pages\/13486\/revisions"}],"predecessor-version":[{"id":14629,"href":"https:\/\/imaps-capital.com\/fr\/wp-json\/wp\/v2\/pages\/13486\/revisions\/14629"}],"wp:attachment":[{"href":"https:\/\/imaps-capital.com\/fr\/wp-json\/wp\/v2\/media?parent=13486"}],"curies":[{"name":"wp","href":"https:\/\/api.w.org\/{rel}","templated":true}]}}