{"id":14843,"date":"2025-07-22T16:03:28","date_gmt":"2025-07-22T14:03:28","guid":{"rendered":"https:\/\/imaps-capital.com\/clause-de-non-responsabilite\/"},"modified":"2025-07-22T16:23:52","modified_gmt":"2025-07-22T14:23:52","slug":"clause-de-non-responsabilite","status":"publish","type":"page","link":"https:\/\/imaps-capital.com\/fr\/clause-de-non-responsabilite\/","title":{"rendered":"Clause de non-responsabilit\u00e9"},"content":{"rendered":"\t\t<div data-elementor-type=\"wp-page\" data-elementor-id=\"14843\" class=\"elementor elementor-14843 elementor-14831\" data-elementor-post-type=\"page\">\n\t\t\t\t<div class=\"elementor-element elementor-element-4b90a93 e-flex e-con-boxed e-con e-parent\" data-id=\"4b90a93\" data-element_type=\"container\" data-e-type=\"container\" data-settings=\"{&quot;background_background&quot;:&quot;classic&quot;}\">\n\t\t\t\t\t<div class=\"e-con-inner\">\n\t\t<div class=\"elementor-element elementor-element-946daa2 e-con-full e-flex e-con e-child\" data-id=\"946daa2\" data-element_type=\"container\" data-e-type=\"container\">\n\t\t\t\t<div class=\"elementor-element elementor-element-ba093ec elementor-widget elementor-widget-heading\" data-id=\"ba093ec\" data-element_type=\"widget\" data-e-type=\"widget\" data-widget_type=\"heading.default\">\n\t\t\t\t<div class=\"elementor-widget-container\">\n\t\t\t\t\t<h1 class=\"elementor-heading-title elementor-size-default\">Clause de non-responsabilit\u00e9<\/h1>\t\t\t\t<\/div>\n\t\t\t\t<\/div>\n\t\t\t\t<div class=\"elementor-element elementor-element-d18da5f elementor-widget-divider--view-line elementor-widget elementor-widget-divider\" data-id=\"d18da5f\" data-element_type=\"widget\" data-e-type=\"widget\" data-widget_type=\"divider.default\">\n\t\t\t\t<div class=\"elementor-widget-container\">\n\t\t\t\t\t\t\t<div class=\"elementor-divider\">\n\t\t\t<span class=\"elementor-divider-separator\">\n\t\t\t\t\t\t<\/span>\n\t\t<\/div>\n\t\t\t\t\t\t<\/div>\n\t\t\t\t<\/div>\n\t\t\t\t<\/div>\n\t\t\t\t\t<\/div>\n\t\t\t\t<\/div>\n\t\t<div class=\"elementor-element elementor-element-5e4ad33 e-flex e-con-boxed e-con e-parent\" data-id=\"5e4ad33\" data-element_type=\"container\" data-e-type=\"container\">\n\t\t\t\t\t<div class=\"e-con-inner\">\n\t\t<div class=\"elementor-element elementor-element-c8e3910 e-con-full e-flex e-con e-child\" data-id=\"c8e3910\" data-element_type=\"container\" data-e-type=\"container\">\n\t\t\t\t<div class=\"elementor-element elementor-element-eb439e0 elementor-widget elementor-widget-text-editor\" data-id=\"eb439e0\" data-element_type=\"widget\" data-e-type=\"widget\" data-widget_type=\"text-editor.default\">\n\t\t\t\t<div class=\"elementor-widget-container\">\n\t\t\t\t\t\t\t\t\t<h2>Clause de non-responsabilit\u00e9 g\u00e9n\u00e9rale<\/h2>\n<p>Ce site web est exploit\u00e9 par iMaps ETI AG et ses soci\u00e9t\u00e9s affili\u00e9es (\u00ab\u00a0iMaps\u00a0\u00bb). Il est uniquement destin\u00e9 \u00e0 fournir des informations sur iMaps et les instruments n\u00e9goci\u00e9s en bourse (\u00ab\u00a0ETI\u00a0\u00bb) structur\u00e9s via la plateforme iMaps. Le contenu de ce site ne constitue ni une offre publique, ni une sollicitation ou une recommandation d&rsquo;achat ou de vente d&rsquo;instruments financiers.  <\/p>\n<h2>Pas d&rsquo;offre, pas de conseil<\/h2>\n<p>Toutes les informations fournies le sont \u00e0 des fins de marketing et d&rsquo;information uniquement. Elles ne doivent pas \u00eatre consid\u00e9r\u00e9es comme des conseils en mati\u00e8re d&rsquo;investissement, de droit ou de fiscalit\u00e9. Aucun des documents ou informations publi\u00e9s ici ne constitue une transaction juridique de quelque nature que ce soit. Avant de prendre une d\u00e9cision d&rsquo;investissement, les parties int\u00e9ress\u00e9es doivent lire attentivement tous les documents relatifs aux risques (prospectus de base, y compris tous les suppl\u00e9ments, conditions finales, KID le cas \u00e9ch\u00e9ant) et demander l&rsquo;avis de conseillers professionnels ind\u00e9pendants sur les exigences l\u00e9gales, les cons\u00e9quences fiscales et les r\u00e9glementations en mati\u00e8re de change dans leur juridiction.   <\/p>\n<h2>Avertissement sur les risques li\u00e9s aux d\u00e9clarations prospectives<\/h2>\n<p>Le site web peut contenir des d\u00e9clarations prospectives. iMaps ne garantit pas que les ETI obtiendront des rendements positifs. La valeur de ces investissements peut fluctuer de mani\u00e8re significative ; une perte totale du capital investi est possible. Les fluctuations des taux de change peuvent affecter les performances. Les performances pass\u00e9es ne constituent pas un indicateur fiable des r\u00e9sultats futurs.    <\/p>\n<h2>Limitation de la responsabilit\u00e9<\/h2>\n<p>iMaps s&rsquo;efforce de fournir des informations exactes, compl\u00e8tes et \u00e0 jour, mais ne donne aucune garantie de quelque nature que ce soit. iMaps ne peut \u00eatre tenu responsable de toute perte ou de tout dommage de quelque nature que ce soit (y compris le manque \u00e0 gagner, l&rsquo;interruption d&rsquo;activit\u00e9, la perte de donn\u00e9es) r\u00e9sultant de l&rsquo;utilisation du site web ou des donn\u00e9es qu&rsquo;il contient. <\/p>\n<h2>Droits d&rsquo;auteur et de marque<\/h2>\n<p>L&rsquo;ensemble du contenu de ce site est prot\u00e9g\u00e9 par des droits d&rsquo;auteur. Les pages ou sections individuelles ne peuvent \u00eatre sauvegard\u00e9es ou imprim\u00e9es que si toutes les mentions de droits d&rsquo;auteur et de propri\u00e9t\u00e9 restent inchang\u00e9es. Le t\u00e9l\u00e9chargement ou la copie du contenu ne transf\u00e8re aucun droit sur les logiciels, les marques ou le contenu.  <\/p>\n<h2>Restrictions d&rsquo;acc\u00e8s et de distribution<\/h2>\n<p>Ce site web est uniquement destin\u00e9 aux personnes dans la juridiction desquelles la distribution des informations qu&rsquo;il contient et la distribution des ETI structur\u00e9es via iMaps sont autoris\u00e9es. Les personnes auxquelles s&rsquo;appliquent des restrictions locales (notamment en raison de leur nationalit\u00e9 ou de leur r\u00e9sidence fiscale) ne peuvent pas acc\u00e9der \u00e0 ce site web. <\/p>\n<h2>Statut r\u00e9glementaire<\/h2>\n<p>Le prospectus de base d&rsquo;iMaps ETI AG pour l&rsquo;\u00e9mission d&rsquo;instruments n\u00e9goci\u00e9s en bourse sous la forme de titres d\u00e9riv\u00e9s a \u00e9t\u00e9 approuv\u00e9 par l&rsquo;Autorit\u00e9 des march\u00e9s financiers du Liechtenstein (FMA) et notifi\u00e9 \u00e0 de nombreux \u00c9tats membres de l&rsquo;UE, cette approbation du prospectus ; En outre, le prospectus de base est enregistr\u00e9 aupr\u00e8s de RegServices de BX Swiss pour l&rsquo;offre publique des titres \u00e9galement aux investisseurs de d\u00e9tail en Suisse. L&rsquo;approbation du prospectus par l&rsquo;autorit\u00e9 du march\u00e9 financier du Liechtenstein (FMA) ne doit pas \u00eatre interpr\u00e9t\u00e9e comme une approbation des valeurs mobili\u00e8res offertes.<\/p>\n<p>En vertu du droit en vigueur, l&rsquo;\u00e9mission de titres, y compris l&rsquo;\u00e9mission de titres d\u00e9riv\u00e9s, n&rsquo;est pas un service bancaire ou financier. iMaps ETI AG ne fournit pas de services financiers soumis \u00e0 autorisation au sens de l&rsquo;annexe I de la directive MIF et, en tant que pure plateforme d&rsquo;\u00e9mission, n&rsquo;est donc ni r\u00e9glement\u00e9e ni supervis\u00e9e en tant que banque ou entreprise d&rsquo;investissement. <\/p><h2 style=\"font-style: normal;\">iMaps ETI AG<\/h2><p style=\"font-size: 16px; font-style: normal; font-weight: 300;\">Im alten Reit 102,<br>9494 Schaan,<br>Liechtenstein<\/p><p style=\"font-size: 16px; font-style: normal; font-weight: 300;\"><span style=\"font-size: 16px; font-weight: 500;\">T\u00e9l :<\/span> <a href=\"tel:+4237982649\" style=\"font-size: 16px; transition-property: all;\">+423 798 26 49<\/a><br><span style=\"font-size: 16px; font-weight: 500;\">Courriel :<\/span> <a href=\"mailto:solutions@imaps-capital.com\" target=\"_blank\" rel=\"noopener\" style=\"font-size: 16px; transition-property: all;\">solutions@imaps-capital.com<\/a><br><span style=\"font-size: 16px; font-weight: 500;\">Web :<\/span> <a href=\"http:\/\/www.imaps-capital.com\/\" style=\"font-size: 16px; transition-property: all;\">www.imaps-capital.com<\/a><\/p><p style=\"font-size: 16px; font-style: normal; font-weight: 300;\"><span style=\"font-size: 16px; font-weight: 500;\">Si\u00e8ge social :<\/span> Schaan, Liechtenstein<br><span style=\"font-size: 16px; font-weight: 500;\">Num\u00e9ro LEI :<\/span> 5299000ESEDFHHWG3R53<br><span style=\"font-size: 16px; font-weight: 500;\">Num\u00e9ro d&rsquo;enregistrement de la soci\u00e9t\u00e9 :<\/span> FL-0002.592.628-4<\/p>\t\t\t\t\t\t\t\t<\/div>\n\t\t\t\t<\/div>\n\t\t\t\t<\/div>\n\t\t\t\t\t<\/div>\n\t\t\t\t<\/div>\n\t\t\t\t<\/div>\n\t\t","protected":false},"excerpt":{"rendered":"<p>Clause de non-responsabilit\u00e9 Clause de non-responsabilit\u00e9 g\u00e9n\u00e9rale Ce site web est exploit\u00e9 par iMaps ETI AG et ses soci\u00e9t\u00e9s affili\u00e9es (\u00ab\u00a0iMaps\u00a0\u00bb). Il est uniquement destin\u00e9 \u00e0 fournir des informations sur iMaps et les instruments n\u00e9goci\u00e9s en bourse (\u00ab\u00a0ETI\u00a0\u00bb) structur\u00e9s via la plateforme iMaps. Le contenu de ce site ne constitue ni une offre publique, ni [&hellip;]<\/p>\n","protected":false},"author":1,"featured_media":0,"parent":0,"menu_order":0,"comment_status":"closed","ping_status":"closed","template":"","meta":{"_acf_changed":false,"inline_featured_image":false,"site-sidebar-layout":"no-sidebar","site-content-layout":"page-builder","ast-site-content-layout":"full-width-container","site-content-style":"default","site-sidebar-style":"default","ast-global-header-display":"","ast-banner-title-visibility":"","ast-main-header-display":"","ast-hfb-above-header-display":"","ast-hfb-below-header-display":"","ast-hfb-mobile-header-display":"","site-post-title":"disabled","ast-breadcrumbs-content":"","ast-featured-img":"disabled","footer-sml-layout":"","ast-disable-related-posts":"","theme-transparent-header-meta":"","adv-header-id-meta":"","stick-header-meta":"","header-above-stick-meta":"","header-main-stick-meta":"","header-below-stick-meta":"","astra-migrate-meta-layouts":"default","ast-page-background-enabled":"default","ast-page-background-meta":{"desktop":{"background-color":"","background-image":"","background-repeat":"repeat","background-position":"center center","background-size":"auto","background-attachment":"scroll","background-type":"","background-media":"","overlay-type":"","overlay-color":"","overlay-opacity":"","overlay-gradient":""},"tablet":{"background-color":"","background-image":"","background-repeat":"repeat","background-position":"center center","background-size":"auto","background-attachment":"scroll","background-type":"","background-media":"","overlay-type":"","overlay-color":"","overlay-opacity":"","overlay-gradient":""},"mobile":{"background-color":"","background-image":"","background-repeat":"repeat","background-position":"center center","background-size":"auto","background-attachment":"scroll","background-type":"","background-media":"","overlay-type":"","overlay-color":"","overlay-opacity":"","overlay-gradient":""}},"ast-content-background-meta":{"desktop":{"background-color":"var(--ast-global-color-5)","background-image":"","background-repeat":"repeat","background-position":"center center","background-size":"auto","background-attachment":"scroll","background-type":"","background-media":"","overlay-type":"","overlay-color":"","overlay-opacity":"","overlay-gradient":""},"tablet":{"background-color":"var(--ast-global-color-5)","background-image":"","background-repeat":"repeat","background-position":"center center","background-size":"auto","background-attachment":"scroll","background-type":"","background-media":"","overlay-type":"","overlay-color":"","overlay-opacity":"","overlay-gradient":""},"mobile":{"background-color":"var(--ast-global-color-5)","background-image":"","background-repeat":"repeat","background-position":"center center","background-size":"auto","background-attachment":"scroll","background-type":"","background-media":"","overlay-type":"","overlay-color":"","overlay-opacity":"","overlay-gradient":""}},"footnotes":""},"class_list":["post-14843","page","type-page","status-publish","hentry"],"acf":[],"yoast_head":"<!-- This site is optimized with the Yoast SEO plugin v27.4 - https:\/\/yoast.com\/product\/yoast-seo-wordpress\/ -->\n<title>Clause de non-responsabilit\u00e9 &#8211; iMaps ETI AG<\/title>\n<meta name=\"robots\" content=\"index, follow, max-snippet:-1, max-image-preview:large, max-video-preview:-1\" \/>\n<link rel=\"canonical\" href=\"https:\/\/imaps-capital.com\/fr\/clause-de-non-responsabilite\/\" \/>\n<meta property=\"og:locale\" content=\"fr_FR\" \/>\n<meta property=\"og:type\" content=\"article\" \/>\n<meta property=\"og:title\" content=\"Clause de non-responsabilit\u00e9 &#8211; iMaps ETI AG\" \/>\n<meta property=\"og:description\" content=\"Clause de non-responsabilit\u00e9 Clause de non-responsabilit\u00e9 g\u00e9n\u00e9rale Ce site web est exploit\u00e9 par iMaps ETI AG et ses soci\u00e9t\u00e9s affili\u00e9es (\u00ab\u00a0iMaps\u00a0\u00bb). Il est uniquement destin\u00e9 \u00e0 fournir des informations sur iMaps et les instruments n\u00e9goci\u00e9s en bourse (\u00ab\u00a0ETI\u00a0\u00bb) structur\u00e9s via la plateforme iMaps. Le contenu de ce site ne constitue ni une offre publique, ni [&hellip;]\" \/>\n<meta property=\"og:url\" content=\"https:\/\/imaps-capital.com\/fr\/clause-de-non-responsabilite\/\" \/>\n<meta property=\"og:site_name\" content=\"iMaps ETI AG\" \/>\n<meta property=\"article:publisher\" content=\"https:\/\/www.facebook.com\/iMapsCapitalMarkets\/\" \/>\n<meta property=\"article:modified_time\" content=\"2025-07-22T14:23:52+00:00\" \/>\n<meta property=\"og:image\" content=\"https:\/\/imaps-capital.com\/wp-content\/uploads\/2024\/09\/iMaps-Capital-FB.jpg\" \/>\n\t<meta property=\"og:image:width\" content=\"1200\" \/>\n\t<meta property=\"og:image:height\" content=\"630\" \/>\n\t<meta property=\"og:image:type\" content=\"image\/jpeg\" \/>\n<meta name=\"twitter:card\" content=\"summary_large_image\" \/>\n<meta name=\"twitter:label1\" content=\"Dur\u00e9e de lecture estim\u00e9e\" \/>\n\t<meta name=\"twitter:data1\" content=\"3 minutes\" \/>\n<script type=\"application\/ld+json\" class=\"yoast-schema-graph\">{\"@context\":\"https:\\\/\\\/schema.org\",\"@graph\":[{\"@type\":\"WebPage\",\"@id\":\"https:\\\/\\\/imaps-capital.com\\\/fr\\\/clause-de-non-responsabilite\\\/\",\"url\":\"https:\\\/\\\/imaps-capital.com\\\/fr\\\/clause-de-non-responsabilite\\\/\",\"name\":\"Clause de non-responsabilit\u00e9 &#8211; iMaps ETI AG\",\"isPartOf\":{\"@id\":\"https:\\\/\\\/imaps-capital.com\\\/fr\\\/#website\"},\"datePublished\":\"2025-07-22T14:03:28+00:00\",\"dateModified\":\"2025-07-22T14:23:52+00:00\",\"breadcrumb\":{\"@id\":\"https:\\\/\\\/imaps-capital.com\\\/fr\\\/clause-de-non-responsabilite\\\/#breadcrumb\"},\"inLanguage\":\"fr-FR\",\"potentialAction\":[{\"@type\":\"ReadAction\",\"target\":[\"https:\\\/\\\/imaps-capital.com\\\/fr\\\/clause-de-non-responsabilite\\\/\"]}]},{\"@type\":\"BreadcrumbList\",\"@id\":\"https:\\\/\\\/imaps-capital.com\\\/fr\\\/clause-de-non-responsabilite\\\/#breadcrumb\",\"itemListElement\":[{\"@type\":\"ListItem\",\"position\":1,\"name\":\"Startseite\",\"item\":\"https:\\\/\\\/imaps-capital.com\\\/fr\\\/imaps-eti-ag\\\/\"},{\"@type\":\"ListItem\",\"position\":2,\"name\":\"Clause de non-responsabilit\u00e9\"}]},{\"@type\":\"WebSite\",\"@id\":\"https:\\\/\\\/imaps-capital.com\\\/fr\\\/#website\",\"url\":\"https:\\\/\\\/imaps-capital.com\\\/fr\\\/\",\"name\":\"iMaps ETI AG\",\"description\":\"Your Partner for Exchange Traded Instruments\",\"publisher\":{\"@id\":\"https:\\\/\\\/imaps-capital.com\\\/fr\\\/#organization\"},\"alternateName\":\"iMaps Capital Markets\",\"potentialAction\":[{\"@type\":\"SearchAction\",\"target\":{\"@type\":\"EntryPoint\",\"urlTemplate\":\"https:\\\/\\\/imaps-capital.com\\\/fr\\\/?s={search_term_string}\"},\"query-input\":{\"@type\":\"PropertyValueSpecification\",\"valueRequired\":true,\"valueName\":\"search_term_string\"}}],\"inLanguage\":\"fr-FR\"},{\"@type\":\"Organization\",\"@id\":\"https:\\\/\\\/imaps-capital.com\\\/fr\\\/#organization\",\"name\":\"iMaps ETI AG\",\"alternateName\":\"iMaps Capital Markets\",\"url\":\"https:\\\/\\\/imaps-capital.com\\\/fr\\\/\",\"logo\":{\"@type\":\"ImageObject\",\"inLanguage\":\"fr-FR\",\"@id\":\"https:\\\/\\\/imaps-capital.com\\\/fr\\\/#\\\/schema\\\/logo\\\/image\\\/\",\"url\":\"https:\\\/\\\/imaps-capital.com\\\/wp-content\\\/uploads\\\/2024\\\/09\\\/iMaps-Capital-FB.jpg\",\"contentUrl\":\"https:\\\/\\\/imaps-capital.com\\\/wp-content\\\/uploads\\\/2024\\\/09\\\/iMaps-Capital-FB.jpg\",\"width\":1200,\"height\":630,\"caption\":\"iMaps ETI AG\"},\"image\":{\"@id\":\"https:\\\/\\\/imaps-capital.com\\\/fr\\\/#\\\/schema\\\/logo\\\/image\\\/\"},\"sameAs\":[\"https:\\\/\\\/www.facebook.com\\\/iMapsCapitalMarkets\\\/\",\"https:\\\/\\\/li.linkedin.com\\\/company\\\/imaps-capital-markets\",\"https:\\\/\\\/li.linkedin.com\\\/in\\\/andreaswoelfl\",\"https:\\\/\\\/twitter.com\\\/imapscapital\",\"https:\\\/\\\/www.instagram.com\\\/imaps_capital_markets\\\/\"]}]}<\/script>\n<!-- \/ Yoast SEO plugin. -->","yoast_head_json":{"title":"Clause de non-responsabilit\u00e9 &#8211; iMaps ETI AG","robots":{"index":"index","follow":"follow","max-snippet":"max-snippet:-1","max-image-preview":"max-image-preview:large","max-video-preview":"max-video-preview:-1"},"canonical":"https:\/\/imaps-capital.com\/fr\/clause-de-non-responsabilite\/","og_locale":"fr_FR","og_type":"article","og_title":"Clause de non-responsabilit\u00e9 &#8211; iMaps ETI AG","og_description":"Clause de non-responsabilit\u00e9 Clause de non-responsabilit\u00e9 g\u00e9n\u00e9rale Ce site web est exploit\u00e9 par iMaps ETI AG et ses soci\u00e9t\u00e9s affili\u00e9es (\u00ab\u00a0iMaps\u00a0\u00bb). Il est uniquement destin\u00e9 \u00e0 fournir des informations sur iMaps et les instruments n\u00e9goci\u00e9s en bourse (\u00ab\u00a0ETI\u00a0\u00bb) structur\u00e9s via la plateforme iMaps. Le contenu de ce site ne constitue ni une offre publique, ni [&hellip;]","og_url":"https:\/\/imaps-capital.com\/fr\/clause-de-non-responsabilite\/","og_site_name":"iMaps ETI AG","article_publisher":"https:\/\/www.facebook.com\/iMapsCapitalMarkets\/","article_modified_time":"2025-07-22T14:23:52+00:00","og_image":[{"width":1200,"height":630,"url":"https:\/\/imaps-capital.com\/wp-content\/uploads\/2024\/09\/iMaps-Capital-FB.jpg","type":"image\/jpeg"}],"twitter_card":"summary_large_image","twitter_misc":{"Dur\u00e9e de lecture estim\u00e9e":"3 minutes"},"schema":{"@context":"https:\/\/schema.org","@graph":[{"@type":"WebPage","@id":"https:\/\/imaps-capital.com\/fr\/clause-de-non-responsabilite\/","url":"https:\/\/imaps-capital.com\/fr\/clause-de-non-responsabilite\/","name":"Clause de non-responsabilit\u00e9 &#8211; iMaps ETI AG","isPartOf":{"@id":"https:\/\/imaps-capital.com\/fr\/#website"},"datePublished":"2025-07-22T14:03:28+00:00","dateModified":"2025-07-22T14:23:52+00:00","breadcrumb":{"@id":"https:\/\/imaps-capital.com\/fr\/clause-de-non-responsabilite\/#breadcrumb"},"inLanguage":"fr-FR","potentialAction":[{"@type":"ReadAction","target":["https:\/\/imaps-capital.com\/fr\/clause-de-non-responsabilite\/"]}]},{"@type":"BreadcrumbList","@id":"https:\/\/imaps-capital.com\/fr\/clause-de-non-responsabilite\/#breadcrumb","itemListElement":[{"@type":"ListItem","position":1,"name":"Startseite","item":"https:\/\/imaps-capital.com\/fr\/imaps-eti-ag\/"},{"@type":"ListItem","position":2,"name":"Clause de non-responsabilit\u00e9"}]},{"@type":"WebSite","@id":"https:\/\/imaps-capital.com\/fr\/#website","url":"https:\/\/imaps-capital.com\/fr\/","name":"iMaps ETI AG","description":"Your Partner for Exchange Traded Instruments","publisher":{"@id":"https:\/\/imaps-capital.com\/fr\/#organization"},"alternateName":"iMaps Capital Markets","potentialAction":[{"@type":"SearchAction","target":{"@type":"EntryPoint","urlTemplate":"https:\/\/imaps-capital.com\/fr\/?s={search_term_string}"},"query-input":{"@type":"PropertyValueSpecification","valueRequired":true,"valueName":"search_term_string"}}],"inLanguage":"fr-FR"},{"@type":"Organization","@id":"https:\/\/imaps-capital.com\/fr\/#organization","name":"iMaps ETI AG","alternateName":"iMaps Capital Markets","url":"https:\/\/imaps-capital.com\/fr\/","logo":{"@type":"ImageObject","inLanguage":"fr-FR","@id":"https:\/\/imaps-capital.com\/fr\/#\/schema\/logo\/image\/","url":"https:\/\/imaps-capital.com\/wp-content\/uploads\/2024\/09\/iMaps-Capital-FB.jpg","contentUrl":"https:\/\/imaps-capital.com\/wp-content\/uploads\/2024\/09\/iMaps-Capital-FB.jpg","width":1200,"height":630,"caption":"iMaps ETI AG"},"image":{"@id":"https:\/\/imaps-capital.com\/fr\/#\/schema\/logo\/image\/"},"sameAs":["https:\/\/www.facebook.com\/iMapsCapitalMarkets\/","https:\/\/li.linkedin.com\/company\/imaps-capital-markets","https:\/\/li.linkedin.com\/in\/andreaswoelfl","https:\/\/twitter.com\/imapscapital","https:\/\/www.instagram.com\/imaps_capital_markets\/"]}]}},"_links":{"self":[{"href":"https:\/\/imaps-capital.com\/fr\/wp-json\/wp\/v2\/pages\/14843","targetHints":{"allow":["GET"]}}],"collection":[{"href":"https:\/\/imaps-capital.com\/fr\/wp-json\/wp\/v2\/pages"}],"about":[{"href":"https:\/\/imaps-capital.com\/fr\/wp-json\/wp\/v2\/types\/page"}],"author":[{"embeddable":true,"href":"https:\/\/imaps-capital.com\/fr\/wp-json\/wp\/v2\/users\/1"}],"replies":[{"embeddable":true,"href":"https:\/\/imaps-capital.com\/fr\/wp-json\/wp\/v2\/comments?post=14843"}],"version-history":[{"count":3,"href":"https:\/\/imaps-capital.com\/fr\/wp-json\/wp\/v2\/pages\/14843\/revisions"}],"predecessor-version":[{"id":14878,"href":"https:\/\/imaps-capital.com\/fr\/wp-json\/wp\/v2\/pages\/14843\/revisions\/14878"}],"wp:attachment":[{"href":"https:\/\/imaps-capital.com\/fr\/wp-json\/wp\/v2\/media?parent=14843"}],"curies":[{"name":"wp","href":"https:\/\/api.w.org\/{rel}","templated":true}]}}