{"id":14839,"date":"2025-07-22T16:02:33","date_gmt":"2025-07-22T14:02:33","guid":{"rendered":"https:\/\/imaps-capital.com\/esclusione-di-responsabilita\/"},"modified":"2025-07-22T16:23:51","modified_gmt":"2025-07-22T14:23:51","slug":"esclusione-di-responsabilita","status":"publish","type":"page","link":"https:\/\/imaps-capital.com\/it\/esclusione-di-responsabilita\/","title":{"rendered":"Esclusione di responsabilit\u00e0"},"content":{"rendered":"\t\t<div data-elementor-type=\"wp-page\" data-elementor-id=\"14839\" class=\"elementor elementor-14839 elementor-14831\" data-elementor-post-type=\"page\">\n\t\t\t\t<div class=\"elementor-element elementor-element-4b90a93 e-flex e-con-boxed e-con e-parent\" data-id=\"4b90a93\" data-element_type=\"container\" data-e-type=\"container\" data-settings=\"{&quot;background_background&quot;:&quot;classic&quot;}\">\n\t\t\t\t\t<div class=\"e-con-inner\">\n\t\t<div class=\"elementor-element elementor-element-946daa2 e-con-full e-flex e-con e-child\" data-id=\"946daa2\" data-element_type=\"container\" data-e-type=\"container\">\n\t\t\t\t<div class=\"elementor-element elementor-element-ba093ec elementor-widget elementor-widget-heading\" data-id=\"ba093ec\" data-element_type=\"widget\" data-e-type=\"widget\" data-widget_type=\"heading.default\">\n\t\t\t\t<div class=\"elementor-widget-container\">\n\t\t\t\t\t<h1 class=\"elementor-heading-title elementor-size-default\">Esclusione di responsabilit\u00e0<\/h1>\t\t\t\t<\/div>\n\t\t\t\t<\/div>\n\t\t\t\t<div class=\"elementor-element elementor-element-d18da5f elementor-widget-divider--view-line elementor-widget elementor-widget-divider\" data-id=\"d18da5f\" data-element_type=\"widget\" data-e-type=\"widget\" data-widget_type=\"divider.default\">\n\t\t\t\t<div class=\"elementor-widget-container\">\n\t\t\t\t\t\t\t<div class=\"elementor-divider\">\n\t\t\t<span class=\"elementor-divider-separator\">\n\t\t\t\t\t\t<\/span>\n\t\t<\/div>\n\t\t\t\t\t\t<\/div>\n\t\t\t\t<\/div>\n\t\t\t\t<\/div>\n\t\t\t\t\t<\/div>\n\t\t\t\t<\/div>\n\t\t<div class=\"elementor-element elementor-element-5e4ad33 e-flex e-con-boxed e-con e-parent\" data-id=\"5e4ad33\" data-element_type=\"container\" data-e-type=\"container\">\n\t\t\t\t\t<div class=\"e-con-inner\">\n\t\t<div class=\"elementor-element elementor-element-c8e3910 e-con-full e-flex e-con e-child\" data-id=\"c8e3910\" data-element_type=\"container\" data-e-type=\"container\">\n\t\t\t\t<div class=\"elementor-element elementor-element-eb439e0 elementor-widget elementor-widget-text-editor\" data-id=\"eb439e0\" data-element_type=\"widget\" data-e-type=\"widget\" data-widget_type=\"text-editor.default\">\n\t\t\t\t<div class=\"elementor-widget-container\">\n\t\t\t\t\t\t\t\t\t<h2>Disclaimer generale<\/h2>\n<p>Questo sito web \u00e8 gestito da iMaps ETI AG e dalle sue affiliate (&#8220;iMaps&#8221;). Ha il solo scopo di fornire informazioni su iMaps e sugli Exchange Traded Instruments (&#8220;ETI&#8221;) strutturati attraverso la piattaforma iMaps. Il contenuto di questo sito web non costituisce n\u00e9 un&#8217;offerta al pubblico n\u00e9 una sollecitazione o una raccomandazione all&#8217;acquisto o alla vendita di strumenti finanziari.  <\/p>\n<h2>Nessuna offerta, nessun consiglio<\/h2>\n<p>Tutte le informazioni fornite hanno finalit\u00e0 esclusivamente commerciali e informative. Non devono essere interpretate come consigli di investimento, legali o fiscali. Nessuno dei documenti o delle informazioni qui pubblicati costituisce una transazione legale di alcun tipo. Prima di prendere una decisione di investimento, gli interessati devono leggere attentamente tutti i documenti rilevanti per il rischio (prospetto di base, compresi tutti i supplementi, condizioni definitive, KID se applicabile) e rivolgersi a consulenti professionali indipendenti per conoscere i requisiti legali, le conseguenze fiscali e le normative sui cambi vigenti nella propria giurisdizione.   <\/p>\n<h2>Avviso di rischio relativo alle dichiarazioni previsionali<\/h2>\n<p>Il sito web pu\u00f2 contenere dichiarazioni previsionali. iMaps non garantisce che gli ETI ottengano rendimenti positivi. Il valore di tali investimenti pu\u00f2 fluttuare in modo significativo; \u00e8 possibile una perdita totale del capitale investito. Le fluttuazioni dei tassi di cambio possono influire sulla performance. I risultati passati non sono un indicatore affidabile dei risultati futuri.    <\/p>\n<h2>Limitazione di responsabilit\u00e0<\/h2>\n<p>iMaps si impegna a fornire informazioni accurate, complete e aggiornate, ma non fornisce alcun tipo di garanzia. iMaps non sar\u00e0 responsabile per eventuali perdite o danni di qualsiasi tipo (inclusi perdita di profitto, interruzione dell&#8217;attivit\u00e0, perdita di dati) derivanti dall&#8217;uso del sito web o dei dati in esso contenuti. <\/p>\n<h2>Diritti d&#8217;autore e di marchio<\/h2>\n<p>Tutti i contenuti di questo sito web sono protetti da copyright. Le singole pagine o sezioni possono essere salvate o stampate solo se tutti gli avvisi di copyright e di propriet\u00e0 rimangono invariati. Scaricare o copiare i contenuti non trasferisce alcun diritto su software, marchi o contenuti.  <\/p>\n<h2>Limiti di accesso e distribuzione<\/h2>\n<p>Questo sito web \u00e8 destinato esclusivamente alle persone nella cui giurisdizione \u00e8 consentita la distribuzione delle informazioni qui contenute e la distribuzione degli ETI strutturati tramite iMaps. Le persone a cui si applicano restrizioni locali (in particolare a causa della nazionalit\u00e0 o della residenza fiscale) non possono accedere a questo sito web. <\/p>\n<h2>Stato normativo<\/h2>\n<p>Il prospetto di base di iMaps ETI AG per l&#8217;emissione di Exchange Traded Instruments sotto forma di titoli derivati \u00e8 stato approvato dall&#8217;Autorit\u00e0 per i Mercati Finanziari del Liechtenstein (FMA) e notificato a numerosi Stati membri dell&#8217;Unione Europea; inoltre, il prospetto di base \u00e8 stato registrato presso RegServices di BX Swiss per l&#8217;offerta pubblica dei titoli anche agli investitori al dettaglio in Svizzera. L&#8217;approvazione del prospetto da parte dell&#8217;Autorit\u00e0 per i Mercati Finanziari del Liechtenstein (FMA) non deve essere intesa come un&#8217;approvazione degli strumenti finanziari offerti.<\/p>\n<p>Ai sensi della legge vigente, l&#8217;emissione di titoli, compresa l&#8217;emissione di titoli derivati, non \u00e8 un servizio bancario o finanziario. iMaps ETI AG non fornisce servizi finanziari soggetti a licenza ai sensi dell&#8217;Allegato I della MiFID e, in quanto piattaforma di emissione pura, non \u00e8 pertanto n\u00e9 regolamentata n\u00e9 supervisionata come banca o impresa di investimento. <\/p><h2 style=\"font-style: normal;\">iMaps ETI AG<\/h2><p style=\"font-size: 16px; font-style: normal; font-weight: 300;\">Im alten Reit 102,<br>9494 Schaan,<br>Liechtenstein<\/p><p style=\"font-size: 16px; font-style: normal; font-weight: 300;\"><span style=\"font-size: 16px; font-weight: 500;\">Tel:<\/span> <a href=\"tel:+4237982649\" style=\"font-size: 16px; transition-property: all;\">+423 798 26 49<\/a><br><span style=\"font-size: 16px; font-weight: 500;\">Email:<\/span> <a href=\"mailto:solutions@imaps-capital.com\" target=\"_blank\" rel=\"noopener\" style=\"font-size: 16px; transition-property: all;\">solutions@imaps-capital.com<\/a><br><span style=\"font-size: 16px; font-weight: 500;\">Web:<\/span> <a href=\"http:\/\/www.imaps-capital.com\/\" style=\"font-size: 16px; transition-property: all;\">www.imaps-capital.com<\/a><\/p><p style=\"font-size: 16px; font-style: normal; font-weight: 300;\"><span style=\"font-size: 16px; font-weight: 500;\">Sede centrale:<\/span> Schaan, Liechtenstein<br><span style=\"font-size: 16px; font-weight: 500;\">Numero LEI:<\/span> 5299000ESEDFHHWG3R53<br><span style=\"font-size: 16px; font-weight: 500;\">Numero di registrazione della societ\u00e0:<\/span> FL-0002.592.628-4<\/p>\t\t\t\t\t\t\t\t<\/div>\n\t\t\t\t<\/div>\n\t\t\t\t<\/div>\n\t\t\t\t\t<\/div>\n\t\t\t\t<\/div>\n\t\t\t\t<\/div>\n\t\t","protected":false},"excerpt":{"rendered":"<p>Esclusione di responsabilit\u00e0 Disclaimer generale Questo sito web \u00e8 gestito da iMaps ETI AG e dalle sue affiliate (&#8220;iMaps&#8221;). Ha il solo scopo di fornire informazioni su iMaps e sugli Exchange Traded Instruments (&#8220;ETI&#8221;) strutturati attraverso la piattaforma iMaps. Il contenuto di questo sito web non costituisce n\u00e9 un&#8217;offerta al pubblico n\u00e9 una sollecitazione o [&hellip;]<\/p>\n","protected":false},"author":1,"featured_media":0,"parent":0,"menu_order":0,"comment_status":"closed","ping_status":"closed","template":"","meta":{"_acf_changed":false,"inline_featured_image":false,"site-sidebar-layout":"no-sidebar","site-content-layout":"page-builder","ast-site-content-layout":"full-width-container","site-content-style":"default","site-sidebar-style":"default","ast-global-header-display":"","ast-banner-title-visibility":"","ast-main-header-display":"","ast-hfb-above-header-display":"","ast-hfb-below-header-display":"","ast-hfb-mobile-header-display":"","site-post-title":"disabled","ast-breadcrumbs-content":"","ast-featured-img":"disabled","footer-sml-layout":"","ast-disable-related-posts":"","theme-transparent-header-meta":"","adv-header-id-meta":"","stick-header-meta":"","header-above-stick-meta":"","header-main-stick-meta":"","header-below-stick-meta":"","astra-migrate-meta-layouts":"default","ast-page-background-enabled":"default","ast-page-background-meta":{"desktop":{"background-color":"","background-image":"","background-repeat":"repeat","background-position":"center center","background-size":"auto","background-attachment":"scroll","background-type":"","background-media":"","overlay-type":"","overlay-color":"","overlay-opacity":"","overlay-gradient":""},"tablet":{"background-color":"","background-image":"","background-repeat":"repeat","background-position":"center center","background-size":"auto","background-attachment":"scroll","background-type":"","background-media":"","overlay-type":"","overlay-color":"","overlay-opacity":"","overlay-gradient":""},"mobile":{"background-color":"","background-image":"","background-repeat":"repeat","background-position":"center center","background-size":"auto","background-attachment":"scroll","background-type":"","background-media":"","overlay-type":"","overlay-color":"","overlay-opacity":"","overlay-gradient":""}},"ast-content-background-meta":{"desktop":{"background-color":"var(--ast-global-color-5)","background-image":"","background-repeat":"repeat","background-position":"center center","background-size":"auto","background-attachment":"scroll","background-type":"","background-media":"","overlay-type":"","overlay-color":"","overlay-opacity":"","overlay-gradient":""},"tablet":{"background-color":"var(--ast-global-color-5)","background-image":"","background-repeat":"repeat","background-position":"center center","background-size":"auto","background-attachment":"scroll","background-type":"","background-media":"","overlay-type":"","overlay-color":"","overlay-opacity":"","overlay-gradient":""},"mobile":{"background-color":"var(--ast-global-color-5)","background-image":"","background-repeat":"repeat","background-position":"center center","background-size":"auto","background-attachment":"scroll","background-type":"","background-media":"","overlay-type":"","overlay-color":"","overlay-opacity":"","overlay-gradient":""}},"footnotes":""},"class_list":["post-14839","page","type-page","status-publish","hentry"],"acf":[],"yoast_head":"<!-- This site is optimized with the Yoast SEO plugin v27.4 - https:\/\/yoast.com\/product\/yoast-seo-wordpress\/ -->\n<title>Esclusione di responsabilit\u00e0 &#8211; iMaps ETI AG<\/title>\n<meta name=\"robots\" content=\"index, follow, max-snippet:-1, max-image-preview:large, max-video-preview:-1\" \/>\n<link rel=\"canonical\" href=\"https:\/\/imaps-capital.com\/it\/esclusione-di-responsabilita\/\" \/>\n<meta property=\"og:locale\" content=\"it_IT\" \/>\n<meta property=\"og:type\" content=\"article\" \/>\n<meta property=\"og:title\" content=\"Esclusione di responsabilit\u00e0 &#8211; iMaps ETI AG\" \/>\n<meta property=\"og:description\" content=\"Esclusione di responsabilit\u00e0 Disclaimer generale Questo sito web \u00e8 gestito da iMaps ETI AG e dalle sue affiliate (&#8220;iMaps&#8221;). Ha il solo scopo di fornire informazioni su iMaps e sugli Exchange Traded Instruments (&#8220;ETI&#8221;) strutturati attraverso la piattaforma iMaps. Il contenuto di questo sito web non costituisce n\u00e9 un&#8217;offerta al pubblico n\u00e9 una sollecitazione o [&hellip;]\" \/>\n<meta property=\"og:url\" content=\"https:\/\/imaps-capital.com\/it\/esclusione-di-responsabilita\/\" \/>\n<meta property=\"og:site_name\" content=\"iMaps ETI AG\" \/>\n<meta property=\"article:publisher\" content=\"https:\/\/www.facebook.com\/iMapsCapitalMarkets\/\" \/>\n<meta property=\"article:modified_time\" content=\"2025-07-22T14:23:51+00:00\" \/>\n<meta property=\"og:image\" content=\"https:\/\/imaps-capital.com\/wp-content\/uploads\/2024\/09\/iMaps-Capital-FB.jpg\" \/>\n\t<meta property=\"og:image:width\" content=\"1200\" \/>\n\t<meta property=\"og:image:height\" content=\"630\" \/>\n\t<meta property=\"og:image:type\" content=\"image\/jpeg\" \/>\n<meta name=\"twitter:card\" content=\"summary_large_image\" \/>\n<meta name=\"twitter:label1\" content=\"Tempo di lettura stimato\" \/>\n\t<meta name=\"twitter:data1\" content=\"3 minuti\" \/>\n<script type=\"application\/ld+json\" class=\"yoast-schema-graph\">{\"@context\":\"https:\\\/\\\/schema.org\",\"@graph\":[{\"@type\":\"WebPage\",\"@id\":\"https:\\\/\\\/imaps-capital.com\\\/it\\\/esclusione-di-responsabilita\\\/\",\"url\":\"https:\\\/\\\/imaps-capital.com\\\/it\\\/esclusione-di-responsabilita\\\/\",\"name\":\"Esclusione di responsabilit\u00e0 &#8211; iMaps ETI AG\",\"isPartOf\":{\"@id\":\"https:\\\/\\\/imaps-capital.com\\\/it\\\/#website\"},\"datePublished\":\"2025-07-22T14:02:33+00:00\",\"dateModified\":\"2025-07-22T14:23:51+00:00\",\"breadcrumb\":{\"@id\":\"https:\\\/\\\/imaps-capital.com\\\/it\\\/esclusione-di-responsabilita\\\/#breadcrumb\"},\"inLanguage\":\"it-IT\",\"potentialAction\":[{\"@type\":\"ReadAction\",\"target\":[\"https:\\\/\\\/imaps-capital.com\\\/it\\\/esclusione-di-responsabilita\\\/\"]}]},{\"@type\":\"BreadcrumbList\",\"@id\":\"https:\\\/\\\/imaps-capital.com\\\/it\\\/esclusione-di-responsabilita\\\/#breadcrumb\",\"itemListElement\":[{\"@type\":\"ListItem\",\"position\":1,\"name\":\"Startseite\",\"item\":\"https:\\\/\\\/imaps-capital.com\\\/it\\\/imaps-eti-ag\\\/\"},{\"@type\":\"ListItem\",\"position\":2,\"name\":\"Esclusione di responsabilit\u00e0\"}]},{\"@type\":\"WebSite\",\"@id\":\"https:\\\/\\\/imaps-capital.com\\\/it\\\/#website\",\"url\":\"https:\\\/\\\/imaps-capital.com\\\/it\\\/\",\"name\":\"iMaps ETI AG\",\"description\":\"Your Partner for Exchange Traded Instruments\",\"publisher\":{\"@id\":\"https:\\\/\\\/imaps-capital.com\\\/it\\\/#organization\"},\"alternateName\":\"iMaps Capital Markets\",\"potentialAction\":[{\"@type\":\"SearchAction\",\"target\":{\"@type\":\"EntryPoint\",\"urlTemplate\":\"https:\\\/\\\/imaps-capital.com\\\/it\\\/?s={search_term_string}\"},\"query-input\":{\"@type\":\"PropertyValueSpecification\",\"valueRequired\":true,\"valueName\":\"search_term_string\"}}],\"inLanguage\":\"it-IT\"},{\"@type\":\"Organization\",\"@id\":\"https:\\\/\\\/imaps-capital.com\\\/it\\\/#organization\",\"name\":\"iMaps ETI AG\",\"alternateName\":\"iMaps Capital Markets\",\"url\":\"https:\\\/\\\/imaps-capital.com\\\/it\\\/\",\"logo\":{\"@type\":\"ImageObject\",\"inLanguage\":\"it-IT\",\"@id\":\"https:\\\/\\\/imaps-capital.com\\\/it\\\/#\\\/schema\\\/logo\\\/image\\\/\",\"url\":\"https:\\\/\\\/imaps-capital.com\\\/wp-content\\\/uploads\\\/2024\\\/09\\\/iMaps-Capital-FB.jpg\",\"contentUrl\":\"https:\\\/\\\/imaps-capital.com\\\/wp-content\\\/uploads\\\/2024\\\/09\\\/iMaps-Capital-FB.jpg\",\"width\":1200,\"height\":630,\"caption\":\"iMaps ETI AG\"},\"image\":{\"@id\":\"https:\\\/\\\/imaps-capital.com\\\/it\\\/#\\\/schema\\\/logo\\\/image\\\/\"},\"sameAs\":[\"https:\\\/\\\/www.facebook.com\\\/iMapsCapitalMarkets\\\/\",\"https:\\\/\\\/li.linkedin.com\\\/company\\\/imaps-capital-markets\",\"https:\\\/\\\/li.linkedin.com\\\/in\\\/andreaswoelfl\",\"https:\\\/\\\/twitter.com\\\/imapscapital\",\"https:\\\/\\\/www.instagram.com\\\/imaps_capital_markets\\\/\"]}]}<\/script>\n<!-- \/ Yoast SEO plugin. -->","yoast_head_json":{"title":"Esclusione di responsabilit\u00e0 &#8211; iMaps ETI AG","robots":{"index":"index","follow":"follow","max-snippet":"max-snippet:-1","max-image-preview":"max-image-preview:large","max-video-preview":"max-video-preview:-1"},"canonical":"https:\/\/imaps-capital.com\/it\/esclusione-di-responsabilita\/","og_locale":"it_IT","og_type":"article","og_title":"Esclusione di responsabilit\u00e0 &#8211; iMaps ETI AG","og_description":"Esclusione di responsabilit\u00e0 Disclaimer generale Questo sito web \u00e8 gestito da iMaps ETI AG e dalle sue affiliate (&#8220;iMaps&#8221;). Ha il solo scopo di fornire informazioni su iMaps e sugli Exchange Traded Instruments (&#8220;ETI&#8221;) strutturati attraverso la piattaforma iMaps. Il contenuto di questo sito web non costituisce n\u00e9 un&#8217;offerta al pubblico n\u00e9 una sollecitazione o [&hellip;]","og_url":"https:\/\/imaps-capital.com\/it\/esclusione-di-responsabilita\/","og_site_name":"iMaps ETI AG","article_publisher":"https:\/\/www.facebook.com\/iMapsCapitalMarkets\/","article_modified_time":"2025-07-22T14:23:51+00:00","og_image":[{"width":1200,"height":630,"url":"https:\/\/imaps-capital.com\/wp-content\/uploads\/2024\/09\/iMaps-Capital-FB.jpg","type":"image\/jpeg"}],"twitter_card":"summary_large_image","twitter_misc":{"Tempo di lettura stimato":"3 minuti"},"schema":{"@context":"https:\/\/schema.org","@graph":[{"@type":"WebPage","@id":"https:\/\/imaps-capital.com\/it\/esclusione-di-responsabilita\/","url":"https:\/\/imaps-capital.com\/it\/esclusione-di-responsabilita\/","name":"Esclusione di responsabilit\u00e0 &#8211; iMaps ETI AG","isPartOf":{"@id":"https:\/\/imaps-capital.com\/it\/#website"},"datePublished":"2025-07-22T14:02:33+00:00","dateModified":"2025-07-22T14:23:51+00:00","breadcrumb":{"@id":"https:\/\/imaps-capital.com\/it\/esclusione-di-responsabilita\/#breadcrumb"},"inLanguage":"it-IT","potentialAction":[{"@type":"ReadAction","target":["https:\/\/imaps-capital.com\/it\/esclusione-di-responsabilita\/"]}]},{"@type":"BreadcrumbList","@id":"https:\/\/imaps-capital.com\/it\/esclusione-di-responsabilita\/#breadcrumb","itemListElement":[{"@type":"ListItem","position":1,"name":"Startseite","item":"https:\/\/imaps-capital.com\/it\/imaps-eti-ag\/"},{"@type":"ListItem","position":2,"name":"Esclusione di responsabilit\u00e0"}]},{"@type":"WebSite","@id":"https:\/\/imaps-capital.com\/it\/#website","url":"https:\/\/imaps-capital.com\/it\/","name":"iMaps ETI AG","description":"Your Partner for Exchange Traded Instruments","publisher":{"@id":"https:\/\/imaps-capital.com\/it\/#organization"},"alternateName":"iMaps Capital Markets","potentialAction":[{"@type":"SearchAction","target":{"@type":"EntryPoint","urlTemplate":"https:\/\/imaps-capital.com\/it\/?s={search_term_string}"},"query-input":{"@type":"PropertyValueSpecification","valueRequired":true,"valueName":"search_term_string"}}],"inLanguage":"it-IT"},{"@type":"Organization","@id":"https:\/\/imaps-capital.com\/it\/#organization","name":"iMaps ETI AG","alternateName":"iMaps Capital Markets","url":"https:\/\/imaps-capital.com\/it\/","logo":{"@type":"ImageObject","inLanguage":"it-IT","@id":"https:\/\/imaps-capital.com\/it\/#\/schema\/logo\/image\/","url":"https:\/\/imaps-capital.com\/wp-content\/uploads\/2024\/09\/iMaps-Capital-FB.jpg","contentUrl":"https:\/\/imaps-capital.com\/wp-content\/uploads\/2024\/09\/iMaps-Capital-FB.jpg","width":1200,"height":630,"caption":"iMaps ETI AG"},"image":{"@id":"https:\/\/imaps-capital.com\/it\/#\/schema\/logo\/image\/"},"sameAs":["https:\/\/www.facebook.com\/iMapsCapitalMarkets\/","https:\/\/li.linkedin.com\/company\/imaps-capital-markets","https:\/\/li.linkedin.com\/in\/andreaswoelfl","https:\/\/twitter.com\/imapscapital","https:\/\/www.instagram.com\/imaps_capital_markets\/"]}]}},"_links":{"self":[{"href":"https:\/\/imaps-capital.com\/it\/wp-json\/wp\/v2\/pages\/14839","targetHints":{"allow":["GET"]}}],"collection":[{"href":"https:\/\/imaps-capital.com\/it\/wp-json\/wp\/v2\/pages"}],"about":[{"href":"https:\/\/imaps-capital.com\/it\/wp-json\/wp\/v2\/types\/page"}],"author":[{"embeddable":true,"href":"https:\/\/imaps-capital.com\/it\/wp-json\/wp\/v2\/users\/1"}],"replies":[{"embeddable":true,"href":"https:\/\/imaps-capital.com\/it\/wp-json\/wp\/v2\/comments?post=14839"}],"version-history":[{"count":3,"href":"https:\/\/imaps-capital.com\/it\/wp-json\/wp\/v2\/pages\/14839\/revisions"}],"predecessor-version":[{"id":14876,"href":"https:\/\/imaps-capital.com\/it\/wp-json\/wp\/v2\/pages\/14839\/revisions\/14876"}],"wp:attachment":[{"href":"https:\/\/imaps-capital.com\/it\/wp-json\/wp\/v2\/media?parent=14839"}],"curies":[{"name":"wp","href":"https:\/\/api.w.org\/{rel}","templated":true}]}}